{"id":945,"date":"2022-12-28T10:48:14","date_gmt":"2022-12-28T10:48:14","guid":{"rendered":"https:\/\/seckinajans.com.tr\/?page_id=945"},"modified":"2024-05-29T12:24:39","modified_gmt":"2024-05-29T12:24:39","slug":"ostim-matbaa","status":"publish","type":"page","link":"https:\/\/seckinajans.com.tr\/index.php\/ostim-matbaa\/","title":{"rendered":"HAKKIMIZDA"},"content":{"rendered":"\t\t<div data-elementor-type=\"wp-page\" data-elementor-id=\"945\" class=\"elementor elementor-945\">\n\t\t\t\t\t\t\t\t\t<section class=\"elementor-section elementor-top-section elementor-element elementor-element-39c3929 elementor-section-boxed elementor-section-height-default elementor-section-height-default\" data-id=\"39c3929\" data-element_type=\"section\">\n\t\t\t\t\t\t<div class=\"elementor-container elementor-column-gap-default\">\n\t\t\t\t\t<div class=\"elementor-column elementor-col-100 elementor-top-column elementor-element elementor-element-2643174\" data-id=\"2643174\" data-element_type=\"column\">\n\t\t\t<div class=\"elementor-widget-wrap elementor-element-populated\">\n\t\t\t\t\t\t\t\t<div class=\"elementor-element elementor-element-7be10a8 elementor-widget elementor-widget-image\" data-id=\"7be10a8\" data-element_type=\"widget\" data-widget_type=\"image.default\">\n\t\t\t\t<div class=\"elementor-widget-container\">\n\t\t\t\t\t\t\t\t\t\t\t\t\t\t\t<img decoding=\"async\" src=\"https:\/\/seckinajans.com.tr\/wp-content\/uploads\/elementor\/thumbs\/SEC\u0327KI\u0307N-AJANS-SON-LOGO-beyaz-qnt8bfpgs0cdnkfof1cy531034kbdqxhhb9ptxbp6s.png\" title=\"SEC\u0327KI\u0307N AJANS SON LOGO.png beyaz\" alt=\"SEC\u0327KI\u0307N AJANS SON LOGO.png beyaz\" loading=\"lazy\" \/>\t\t\t\t\t\t\t\t\t\t\t\t\t\t\t<\/div>\n\t\t\t\t<\/div>\n\t\t\t\t<div class=\"elementor-element elementor-element-b90eed3 elementor-widget__width-inherit elementor-widget elementor-widget-text-editor\" data-id=\"b90eed3\" data-element_type=\"widget\" data-widget_type=\"text-editor.default\">\n\t\t\t\t<div class=\"elementor-widget-container\">\n\t\t\t\t\t\t\t<div class=\"elementor elementor-626\" data-elementor-type=\"wp-page\" data-elementor-id=\"626\"><section class=\"elementor-section elementor-top-section elementor-element elementor-element-cdca0b3 elementor-section-boxed elementor-section-height-default elementor-section-height-default\" data-id=\"cdca0b3\" data-element_type=\"section\"><div class=\"elementor-container elementor-column-gap-default\"><div class=\"elementor-column elementor-col-100 elementor-top-column elementor-element elementor-element-fd499cd\" data-id=\"fd499cd\" data-element_type=\"column\"><div class=\"elementor-widget-wrap elementor-element-populated\"><div class=\"elementor-element elementor-element-58147d0 elementor-widget elementor-widget-text-editor\" data-id=\"58147d0\" data-element_type=\"widget\" data-widget_type=\"text-editor.default\"><div class=\"elementor-widget-container\"><h6>\u00a0 \u00a0 \u00a0 \u00a0 \u00a0 \u00a0 \u00a0 \u00a0 \u00a0 \u00a0 \u00a0 \u00a0 \u00a0 \u00a0 \u00a0 \u00a0 \u00a0 \u00a0 \u00a0 \u00a0 \u00a0 \u00a0 \u00a0 \u00a0 \u00a0 \u00a0 \u00a0 \u00a0 \u00a0 \u00a0 \u00a0 \u00a0 \u00a0 \u00a0 \u00a0 \u00a0 \u00a0 \u00a0 \u00a0 \u00a0 \u00a0 \u00a0OST\u0130M Matbaa &amp; Ankara Matbaa\u00a0 \u00a0<\/h6><h6>\u00a0 \u00a0 \u00a0Firmam\u0131z 2008 y\u0131l\u0131nda (OST\u0130M matbaa &amp; Ankrara Matbaa) Se\u00e7kinAjans Tan\u0131t\u0131m At\u00f6lyesi \u00a0ad\u0131 alt\u0131nda kurulmu\u015ftur. Amac\u0131m\u0131z her sekt\u00f6rden firmaya, reklam\u0131n \u00f6nemini anlatabilmek ve bu do\u011frultuda m\u00fc\u015fterilerimize fayda sa\u011flayabilmektir. Sa\u011flam ve tecr\u00fcbeli kadrosu ile logo ve kurumsal kimlik tasar\u0131m\u0131, grafik tasar\u0131m, ofset bask\u0131 ve profesyonel foto\u011fraf \u00e7ekimi hizmetleri konusundaki tecr\u00fcbemizi m\u00fc\u015fterilerimize sunmakta ve dan\u0131\u015fmanl\u0131k hizmetleri vermekteyiz. Amac\u0131m\u0131z m\u00fc\u015fterilerimizi y\u00f6nlendirmek ve bilgi birikimimiz ile katk\u0131da bulunmakt\u0131r.(<a href=\"https:\/\/seckinajans.com.tr\/\"><strong>Ostim<\/strong> <strong>Matbaa)<\/strong><\/a> 2012 y\u0131l\u0131 ba\u015flar\u0131nda <a href=\"http:\/\/www.promosyonart.com\">promosyon<\/a> \u00fcr\u00fcnleri ile ilgili yapm\u0131\u015f oldu\u011fu anla\u015fmalarla kendini g\u00fc\u00e7lendiren Se\u00e7kinAjans Tan\u0131t\u0131m At\u00f6lyesi kaliteye olan ba\u011fl\u0131l\u0131\u011f\u0131n\u0131 bir kez daha kan\u0131tlam\u0131\u015ft\u0131r.Bu anla\u015fmalarla birlikte; her t\u00fcrl\u00fc Promosyon \u00fcr\u00fcn\u00fcn sat\u0131\u015f\u0131 bas\u0131m\u0131, Kurumsal Kimlik \u00c7al\u0131\u015fmalar\u0131, Logo Tasar\u0131m Uygulamalar\u0131, Digital Bask\u0131, Ofset Bask\u0131, gibi daha bir\u00e7ok hizmet alan\u0131n\u0131 t\u00fcm m\u00fc\u015fterilerine ve ihtiya\u00e7 duyan firmalara sunmu\u015ftur. (<strong>Matbaa<\/strong> <strong>Ostim<\/strong>)14 y\u0131ll\u0131k \u00e7al\u0131\u015fma hayat\u0131m\u0131zda alm\u0131\u015f oldu\u011fumuz yegane destek m\u00fc\u015fterilerimizin bize olan sonsuz g\u00fcvenidir.<\/h6><ul><li><h6><strong>Vizyonumuz ;\u00a0<\/strong><\/h6><h6>Matbaa ve Promosyon Reklamc\u0131l\u0131\u011f\u0131\u2019nda ilk akla gelen, g\u00fcvenilir, kaliteli ve ekonomik reklam hizmeti vermektir. Hedef kitlenize en g\u00fcvenilir yoldan ula\u015fman\u0131z\u0131 sa\u011flamak ve geri d\u00f6n\u00fc\u015f\u00fcm alman\u0131z\u0131 ger\u00e7ekle\u015ftirmek.<\/h6><\/li><li><h6><strong>Misyonumuz ;<\/strong><\/h6><h6>Kurumsal bir kimlikle, en iyi alt yap\u0131, en iyi kadro ve \u00e7a\u011fda\u015f teknolojiyi kullanarak, tecr\u00fcbeli ve g\u00fcler y\u00fczl\u00fc bir ekiple, m\u00fc\u015fteri memnuniyetini baz alan sayg\u0131l\u0131 hizmet vermektir.<\/h6><\/li><li><h6><strong>De\u011ferlerimiz;<\/strong><\/h6><\/li><li class=\"grid_12\"><h6><strong>SAYGI:\u00a0<\/strong>Olmazsa olmaz\u0131m\u0131z\u2026 Topluma, i\u015fimize,\u00e7al\u0131\u015fanlar\u0131m\u0131za, hizmet verdiklerimize\u2026<\/h6><\/li><li class=\"grid_12\"><h6><strong>UYUM :<\/strong>\u00a0\u0130\u015fimiz, fikirlerimiz ve ekibimiz\u2026<\/h6><\/li><li class=\"grid_12\"><h6><strong>HEYECAN :\u00a0<\/strong>\u00c7al\u0131\u015fma arzumuz, bitiricilik arzusu!<\/h6><\/li><li class=\"grid_12\"><h6><strong>TECR\u00dcBE:<\/strong>Yapt\u0131klar\u0131m\u0131z yapacaklar\u0131m\u0131z\u0131n teminat\u0131d\u0131r.\u00a0<\/h6><\/li><li class=\"grid_12\"><h6><strong>TEKN\u0130K\u00a0B\u0130LG\u0130:<\/strong>\u00a0Size \u00f6zel fikirlerimiz ve profesyonel ekibimiz. Hedefi \u0131skalamayan do\u011fru ve etkili \u00e7\u00f6z\u00fcmlerimiz\u2026<\/h6><\/li><li><h6><strong>Kalite Anlay\u0131\u015f\u0131m\u0131z;<\/strong><\/h6><h6>\u0130nsanlar\u0131n kulland\u0131klar\u0131 \u00fcr\u00fcnlerle ilgili talep ve beklentilerinin s\u00fcrekli olarak de\u011fi\u015fti\u011fi g\u00fcn\u00fcm\u00fczde, \u015firketimizde \u00fcretilen Tasar\u0131m ve sat\u0131lan \u00fcr\u00fcnlerle ilgili talep ve beklentilerin en \u00fcst kalite seviyesinde kar\u015f\u0131lanmas\u0131 temel ilke olarak kabul edilmektedir.<\/h6><\/li><\/ul><\/div><\/div><\/div><\/div><\/div><\/section><\/div><h6 class=\"clearfix\">\u00a0<\/h6>\t\t\t\t\t\t<\/div>\n\t\t\t\t<\/div>\n\t\t\t\t\t<\/div>\n\t\t<\/div>\n\t\t\t\t\t\t\t<\/div>\n\t\t<\/section>\n\t\t\t\t<section class=\"elementor-section elementor-top-section elementor-element elementor-element-f77c03a elementor-section-boxed elementor-section-height-default elementor-section-height-default\" data-id=\"f77c03a\" data-element_type=\"section\">\n\t\t\t\t\t\t<div class=\"elementor-container elementor-column-gap-default\">\n\t\t\t\t\t<div class=\"elementor-column elementor-col-100 elementor-top-column elementor-element elementor-element-c377ede\" data-id=\"c377ede\" data-element_type=\"column\">\n\t\t\t<div class=\"elementor-widget-wrap\">\n\t\t\t\t\t\t\t\t\t<\/div>\n\t\t<\/div>\n\t\t\t\t\t\t\t<\/div>\n\t\t<\/section>\n\t\t\t\t\t\t\t<\/div>\n\t\t","protected":false},"excerpt":{"rendered":"<p>\u00a0 \u00a0 \u00a0 \u00a0 \u00a0 \u00a0 \u00a0 \u00a0 \u00a0 \u00a0 \u00a0 \u00a0 \u00a0 \u00a0 \u00a0 \u00a0 \u00a0 \u00a0 \u00a0 \u00a0 \u00a0 \u00a0 \u00a0 \u00a0 \u00a0 \u00a0 \u00a0 \u00a0 \u00a0 \u00a0 \u00a0 \u00a0 \u00a0 \u00a0 \u00a0 \u00a0 \u00a0 \u00a0 \u00a0 \u00a0 \u00a0 \u00a0OST\u0130M Matbaa &amp; Ankara Matbaa \u00a0 \u00a0 \u00a0Firmam\u0131z 2008 y\u0131l\u0131nda (OST\u0130M matbaa &amp; Ankrara Matbaa) Se\u00e7kinAjans Tan\u0131t\u0131m At\u00f6lyesi \u00a0ad\u0131 &hellip;<\/p>\n","protected":false},"author":1,"featured_media":0,"parent":0,"menu_order":0,"comment_status":"closed","ping_status":"closed","template":"","meta":{"footnotes":""},"class_list":["post-945","page","type-page","status-publish","hentry"],"yoast_head":"<!-- This site is optimized with the Yoast SEO plugin v24.4 - https:\/\/yoast.com\/wordpress\/plugins\/seo\/ -->\n<title>OST\u0130M Matbaa\u23aeMatbaa Ostim\u23aeAnkara Matbaa\u23aeMatbaa Ankara<\/title>\n<meta name=\"description\" content=\"Se\u00e7kin Ajans Matbaa ve Promosyon 15 y\u0131l\u0131 a\u015fk\u0131n sekt\u00f6rel deneyim ve tecr\u00fcbesiyle &quot;Ankara Matbaa&quot; ve &quot;OST\u0130M Matbaa&quot; Olarak Hizmet Vermektedir.\" \/>\n<meta name=\"robots\" content=\"index, follow, max-snippet:-1, max-image-preview:large, max-video-preview:-1\" \/>\n<link rel=\"canonical\" href=\"https:\/\/seckinajans.com.tr\/index.php\/ostim-matbaa\/\" \/>\n<meta property=\"og:locale\" content=\"tr_TR\" \/>\n<meta property=\"og:type\" content=\"article\" \/>\n<meta property=\"og:title\" content=\"OST\u0130M Matbaa\u23aeMatbaa Ostim\u23aeAnkara Matbaa\u23aeMatbaa Ankara\" \/>\n<meta property=\"og:description\" content=\"Se\u00e7kin Ajans Matbaa ve Promosyon 15 y\u0131l\u0131 a\u015fk\u0131n sekt\u00f6rel deneyim ve tecr\u00fcbesiyle &quot;Ankara Matbaa&quot; ve &quot;OST\u0130M Matbaa&quot; Olarak Hizmet Vermektedir.\" \/>\n<meta property=\"og:url\" content=\"https:\/\/seckinajans.com.tr\/index.php\/ostim-matbaa\/\" \/>\n<meta property=\"og:site_name\" content=\"Se\u00e7kin Ajans, Ankara Matbaa ,OST\u0130M Matbaa\" \/>\n<meta property=\"article:modified_time\" content=\"2024-05-29T12:24:39+00:00\" \/>\n<meta name=\"twitter:card\" content=\"summary_large_image\" \/>\n<meta name=\"twitter:label1\" content=\"Tahmini okuma s\u00fcresi\" \/>\n\t<meta name=\"twitter:data1\" content=\"2 dakika\" \/>\n<script type=\"application\/ld+json\" class=\"yoast-schema-graph\">{\"@context\":\"https:\/\/schema.org\",\"@graph\":[{\"@type\":\"WebPage\",\"@id\":\"https:\/\/seckinajans.com.tr\/index.php\/ostim-matbaa\/\",\"url\":\"https:\/\/seckinajans.com.tr\/index.php\/ostim-matbaa\/\",\"name\":\"OST\u0130M Matbaa\u23aeMatbaa Ostim\u23aeAnkara Matbaa\u23aeMatbaa Ankara\",\"isPartOf\":{\"@id\":\"https:\/\/seckinajans.com.tr\/#website\"},\"datePublished\":\"2022-12-28T10:48:14+00:00\",\"dateModified\":\"2024-05-29T12:24:39+00:00\",\"description\":\"Se\u00e7kin Ajans Matbaa ve Promosyon 15 y\u0131l\u0131 a\u015fk\u0131n sekt\u00f6rel deneyim ve tecr\u00fcbesiyle \\\"Ankara Matbaa\\\" ve \\\"OST\u0130M Matbaa\\\" Olarak Hizmet Vermektedir.\",\"breadcrumb\":{\"@id\":\"https:\/\/seckinajans.com.tr\/index.php\/ostim-matbaa\/#breadcrumb\"},\"inLanguage\":\"tr\",\"potentialAction\":[{\"@type\":\"ReadAction\",\"target\":[\"https:\/\/seckinajans.com.tr\/index.php\/ostim-matbaa\/\"]}]},{\"@type\":\"BreadcrumbList\",\"@id\":\"https:\/\/seckinajans.com.tr\/index.php\/ostim-matbaa\/#breadcrumb\",\"itemListElement\":[{\"@type\":\"ListItem\",\"position\":1,\"name\":\"Anasayfa\",\"item\":\"https:\/\/seckinajans.com.tr\/\"},{\"@type\":\"ListItem\",\"position\":2,\"name\":\"HAKKIMIZDA\"}]},{\"@type\":\"WebSite\",\"@id\":\"https:\/\/seckinajans.com.tr\/#website\",\"url\":\"https:\/\/seckinajans.com.tr\/\",\"name\":\"seckinajans Ajans, Ankara Matbaa ,OST\u0130M Matbaa\",\"description\":\"Ankara Matbaa, OST\u0130M Matbaa, Ankara Promosyon \u00dcr\u00fcnler, OST\u0130M Promosyon \u00dcr\u00fcnler\",\"potentialAction\":[{\"@type\":\"SearchAction\",\"target\":{\"@type\":\"EntryPoint\",\"urlTemplate\":\"https:\/\/seckinajans.com.tr\/?s={search_term_string}\"},\"query-input\":{\"@type\":\"PropertyValueSpecification\",\"valueRequired\":true,\"valueName\":\"search_term_string\"}}],\"inLanguage\":\"tr\"}]}<\/script>\n<!-- \/ Yoast SEO plugin. -->","yoast_head_json":{"title":"OST\u0130M Matbaa\u23aeMatbaa Ostim\u23aeAnkara Matbaa\u23aeMatbaa Ankara","description":"Se\u00e7kin Ajans Matbaa ve Promosyon 15 y\u0131l\u0131 a\u015fk\u0131n sekt\u00f6rel deneyim ve tecr\u00fcbesiyle \"Ankara Matbaa\" ve \"OST\u0130M Matbaa\" Olarak Hizmet Vermektedir.","robots":{"index":"index","follow":"follow","max-snippet":"max-snippet:-1","max-image-preview":"max-image-preview:large","max-video-preview":"max-video-preview:-1"},"canonical":"https:\/\/seckinajans.com.tr\/index.php\/ostim-matbaa\/","og_locale":"tr_TR","og_type":"article","og_title":"OST\u0130M Matbaa\u23aeMatbaa Ostim\u23aeAnkara Matbaa\u23aeMatbaa Ankara","og_description":"Se\u00e7kin Ajans Matbaa ve Promosyon 15 y\u0131l\u0131 a\u015fk\u0131n sekt\u00f6rel deneyim ve tecr\u00fcbesiyle \"Ankara Matbaa\" ve \"OST\u0130M Matbaa\" Olarak Hizmet Vermektedir.","og_url":"https:\/\/seckinajans.com.tr\/index.php\/ostim-matbaa\/","og_site_name":"Se\u00e7kin Ajans, Ankara Matbaa ,OST\u0130M Matbaa","article_modified_time":"2024-05-29T12:24:39+00:00","twitter_card":"summary_large_image","twitter_misc":{"Tahmini okuma s\u00fcresi":"2 dakika"},"schema":{"@context":"https:\/\/schema.org","@graph":[{"@type":"WebPage","@id":"https:\/\/seckinajans.com.tr\/index.php\/ostim-matbaa\/","url":"https:\/\/seckinajans.com.tr\/index.php\/ostim-matbaa\/","name":"OST\u0130M Matbaa\u23aeMatbaa Ostim\u23aeAnkara Matbaa\u23aeMatbaa Ankara","isPartOf":{"@id":"https:\/\/seckinajans.com.tr\/#website"},"datePublished":"2022-12-28T10:48:14+00:00","dateModified":"2024-05-29T12:24:39+00:00","description":"Se\u00e7kin Ajans Matbaa ve Promosyon 15 y\u0131l\u0131 a\u015fk\u0131n sekt\u00f6rel deneyim ve tecr\u00fcbesiyle \"Ankara Matbaa\" ve \"OST\u0130M Matbaa\" Olarak Hizmet Vermektedir.","breadcrumb":{"@id":"https:\/\/seckinajans.com.tr\/index.php\/ostim-matbaa\/#breadcrumb"},"inLanguage":"tr","potentialAction":[{"@type":"ReadAction","target":["https:\/\/seckinajans.com.tr\/index.php\/ostim-matbaa\/"]}]},{"@type":"BreadcrumbList","@id":"https:\/\/seckinajans.com.tr\/index.php\/ostim-matbaa\/#breadcrumb","itemListElement":[{"@type":"ListItem","position":1,"name":"Anasayfa","item":"https:\/\/seckinajans.com.tr\/"},{"@type":"ListItem","position":2,"name":"HAKKIMIZDA"}]},{"@type":"WebSite","@id":"https:\/\/seckinajans.com.tr\/#website","url":"https:\/\/seckinajans.com.tr\/","name":"seckinajans Ajans, Ankara Matbaa ,OST\u0130M Matbaa","description":"Ankara Matbaa, OST\u0130M Matbaa, Ankara Promosyon \u00dcr\u00fcnler, OST\u0130M Promosyon \u00dcr\u00fcnler","potentialAction":[{"@type":"SearchAction","target":{"@type":"EntryPoint","urlTemplate":"https:\/\/seckinajans.com.tr\/?s={search_term_string}"},"query-input":{"@type":"PropertyValueSpecification","valueRequired":true,"valueName":"search_term_string"}}],"inLanguage":"tr"}]}},"_links":{"self":[{"href":"https:\/\/seckinajans.com.tr\/index.php\/wp-json\/wp\/v2\/pages\/945","targetHints":{"allow":["GET"]}}],"collection":[{"href":"https:\/\/seckinajans.com.tr\/index.php\/wp-json\/wp\/v2\/pages"}],"about":[{"href":"https:\/\/seckinajans.com.tr\/index.php\/wp-json\/wp\/v2\/types\/page"}],"author":[{"embeddable":true,"href":"https:\/\/seckinajans.com.tr\/index.php\/wp-json\/wp\/v2\/users\/1"}],"replies":[{"embeddable":true,"href":"https:\/\/seckinajans.com.tr\/index.php\/wp-json\/wp\/v2\/comments?post=945"}],"version-history":[{"count":52,"href":"https:\/\/seckinajans.com.tr\/index.php\/wp-json\/wp\/v2\/pages\/945\/revisions"}],"predecessor-version":[{"id":2043,"href":"https:\/\/seckinajans.com.tr\/index.php\/wp-json\/wp\/v2\/pages\/945\/revisions\/2043"}],"wp:attachment":[{"href":"https:\/\/seckinajans.com.tr\/index.php\/wp-json\/wp\/v2\/media?parent=945"}],"curies":[{"name":"wp","href":"https:\/\/api.w.org\/{rel}","templated":true}]}}