{"id":779,"date":"2022-12-28T07:50:50","date_gmt":"2022-12-28T07:50:50","guid":{"rendered":"https:\/\/seckinajans.com.tr\/?page_id=779"},"modified":"2023-01-04T13:24:21","modified_gmt":"2023-01-04T13:24:21","slug":"diger-hizmetler","status":"publish","type":"page","link":"https:\/\/seckinajans.com.tr\/index.php\/diger-hizmetler\/","title":{"rendered":"D\u0130\u011eER H\u0130ZMETLER"},"content":{"rendered":"\t\t<div data-elementor-type=\"wp-page\" data-elementor-id=\"779\" class=\"elementor elementor-779\">\n\t\t\t\t\t\t\t\t\t<section class=\"elementor-section elementor-top-section elementor-element elementor-element-a14074c elementor-section-boxed elementor-section-height-default elementor-section-height-default\" data-id=\"a14074c\" data-element_type=\"section\">\n\t\t\t\t\t\t<div class=\"elementor-container elementor-column-gap-default\">\n\t\t\t\t\t<div class=\"elementor-column elementor-col-100 elementor-top-column elementor-element elementor-element-5f8043c\" data-id=\"5f8043c\" data-element_type=\"column\">\n\t\t\t<div class=\"elementor-widget-wrap elementor-element-populated\">\n\t\t\t\t\t\t\t\t<div class=\"elementor-element elementor-element-0baccc2 elementor-widget elementor-widget-image\" data-id=\"0baccc2\" data-element_type=\"widget\" data-widget_type=\"image.default\">\n\t\t\t\t<div class=\"elementor-widget-container\">\n\t\t\t\t\t\t\t\t\t\t\t\t<figure class=\"wp-caption\">\n\t\t\t\t\t\t\t\t\t\t\t<a href=\"https:\/\/seckinajans.com.tr\/index.php\/portfolio\/kutu-ambalaj\/\">\n\t\t\t\t\t\t\t<img loading=\"lazy\" decoding=\"async\" width=\"2048\" height=\"1229\" src=\"https:\/\/seckinajans.com.tr\/wp-content\/uploads\/2022\/12\/KUTU-AMBALAJ-9-2048x1229.jpg\" class=\"attachment-2048x2048 size-2048x2048 wp-image-1224\" alt=\"\" \/>\t\t\t\t\t\t\t\t<\/a>\n\t\t\t\t\t\t\t\t\t\t\t<figcaption class=\"widget-image-caption wp-caption-text\">KUTU &amp; AMBALAJ<\/figcaption>\n\t\t\t\t\t\t\t\t\t\t<\/figure>\n\t\t\t\t\t\t\t\t\t<\/div>\n\t\t\t\t<\/div>\n\t\t\t\t\t<\/div>\n\t\t<\/div>\n\t\t\t\t\t\t\t<\/div>\n\t\t<\/section>\n\t\t\t\t<section class=\"elementor-section elementor-top-section elementor-element elementor-element-872df1f elementor-section-boxed elementor-section-height-default elementor-section-height-default\" data-id=\"872df1f\" data-element_type=\"section\">\n\t\t\t\t\t\t<div class=\"elementor-container elementor-column-gap-default\">\n\t\t\t\t\t<div class=\"elementor-column elementor-col-100 elementor-top-column elementor-element elementor-element-3f30fc5\" data-id=\"3f30fc5\" data-element_type=\"column\">\n\t\t\t<div class=\"elementor-widget-wrap elementor-element-populated\">\n\t\t\t\t\t\t\t\t<div class=\"elementor-element elementor-element-67974db elementor-widget elementor-widget-image\" data-id=\"67974db\" data-element_type=\"widget\" data-widget_type=\"image.default\">\n\t\t\t\t<div class=\"elementor-widget-container\">\n\t\t\t\t\t\t\t\t\t\t\t\t<figure class=\"wp-caption\">\n\t\t\t\t\t\t\t\t\t\t\t<a href=\"https:\/\/seckinajans.com.tr\/index.php\/portfolio\/dijital-baski\/\">\n\t\t\t\t\t\t\t<img loading=\"lazy\" decoding=\"async\" width=\"2048\" height=\"1229\" src=\"https:\/\/seckinajans.com.tr\/wp-content\/uploads\/2022\/12\/Billboard-ve-Afis\u0327-2048x1229.jpg\" class=\"attachment-2048x2048 size-2048x2048 wp-image-1230\" alt=\"\" \/>\t\t\t\t\t\t\t\t<\/a>\n\t\t\t\t\t\t\t\t\t\t\t<figcaption class=\"widget-image-caption wp-caption-text\">D\u0130J\u0130TAL BASKI<\/figcaption>\n\t\t\t\t\t\t\t\t\t\t<\/figure>\n\t\t\t\t\t\t\t\t\t<\/div>\n\t\t\t\t<\/div>\n\t\t\t\t\t<\/div>\n\t\t<\/div>\n\t\t\t\t\t\t\t<\/div>\n\t\t<\/section>\n\t\t\t\t<section class=\"elementor-section elementor-top-section elementor-element elementor-element-d2100d8 elementor-section-boxed elementor-section-height-default elementor-section-height-default\" data-id=\"d2100d8\" data-element_type=\"section\">\n\t\t\t\t\t\t<div class=\"elementor-container elementor-column-gap-default\">\n\t\t\t\t\t<div class=\"elementor-column elementor-col-100 elementor-top-column elementor-element elementor-element-989ea20\" data-id=\"989ea20\" data-element_type=\"column\">\n\t\t\t<div class=\"elementor-widget-wrap elementor-element-populated\">\n\t\t\t\t\t\t\t\t<div class=\"elementor-element elementor-element-76e9523 elementor-widget elementor-widget-image\" data-id=\"76e9523\" data-element_type=\"widget\" data-widget_type=\"image.default\">\n\t\t\t\t<div class=\"elementor-widget-container\">\n\t\t\t\t\t\t\t\t\t\t\t\t<figure class=\"wp-caption\">\n\t\t\t\t\t\t\t\t\t\t\t<a href=\"https:\/\/seckinajans.com.tr\/index.php\/portfolio\/grafik-tasarim\/\">\n\t\t\t\t\t\t\t<img loading=\"lazy\" decoding=\"async\" width=\"2000\" height=\"1508\" src=\"https:\/\/seckinajans.com.tr\/wp-content\/uploads\/2022\/12\/grafik-tasarim.png\" class=\"attachment-2048x2048 size-2048x2048 wp-image-1271\" alt=\"\" \/>\t\t\t\t\t\t\t\t<\/a>\n\t\t\t\t\t\t\t\t\t\t\t<figcaption class=\"widget-image-caption wp-caption-text\">GRAF\u0130K TASARIM<\/figcaption>\n\t\t\t\t\t\t\t\t\t\t<\/figure>\n\t\t\t\t\t\t\t\t\t<\/div>\n\t\t\t\t<\/div>\n\t\t\t\t\t<\/div>\n\t\t<\/div>\n\t\t\t\t\t\t\t<\/div>\n\t\t<\/section>\n\t\t\t\t\t\t\t<\/div>\n\t\t","protected":false},"excerpt":{"rendered":"<p>KUTU &amp; AMBALAJ D\u0130J\u0130TAL BASKI GRAF\u0130K TASARIM<\/p>\n","protected":false},"author":1,"featured_media":0,"parent":0,"menu_order":0,"comment_status":"closed","ping_status":"closed","template":"","meta":{"footnotes":""},"class_list":["post-779","page","type-page","status-publish","hentry"],"yoast_head":"<!-- This site is optimized with the Yoast SEO plugin v24.4 - https:\/\/yoast.com\/wordpress\/plugins\/seo\/ -->\n<title>D\u0130\u011eER H\u0130ZMETLER - Se\u00e7kin Ajans, Ankara Matbaa ,OST\u0130M Matbaa<\/title>\n<meta name=\"robots\" content=\"index, follow, max-snippet:-1, max-image-preview:large, max-video-preview:-1\" \/>\n<link rel=\"canonical\" href=\"https:\/\/seckinajans.com.tr\/index.php\/diger-hizmetler\/\" \/>\n<meta property=\"og:locale\" content=\"tr_TR\" \/>\n<meta property=\"og:type\" content=\"article\" \/>\n<meta property=\"og:title\" content=\"D\u0130\u011eER H\u0130ZMETLER - Se\u00e7kin Ajans, Ankara Matbaa ,OST\u0130M Matbaa\" \/>\n<meta property=\"og:description\" content=\"KUTU &amp; AMBALAJ D\u0130J\u0130TAL BASKI GRAF\u0130K TASARIM\" \/>\n<meta property=\"og:url\" content=\"https:\/\/seckinajans.com.tr\/index.php\/diger-hizmetler\/\" \/>\n<meta property=\"og:site_name\" content=\"Se\u00e7kin Ajans, Ankara Matbaa ,OST\u0130M Matbaa\" \/>\n<meta property=\"article:modified_time\" content=\"2023-01-04T13:24:21+00:00\" \/>\n<meta property=\"og:image\" content=\"https:\/\/seckinajans.com.tr\/wp-content\/uploads\/2022\/12\/KUTU-AMBALAJ-9-2048x1229.jpg\" \/>\n<meta name=\"twitter:card\" content=\"summary_large_image\" \/>\n<meta name=\"twitter:label1\" content=\"Tahmini okuma s\u00fcresi\" \/>\n\t<meta name=\"twitter:data1\" content=\"1 dakika\" \/>\n<script type=\"application\/ld+json\" class=\"yoast-schema-graph\">{\"@context\":\"https:\/\/schema.org\",\"@graph\":[{\"@type\":\"WebPage\",\"@id\":\"https:\/\/seckinajans.com.tr\/index.php\/diger-hizmetler\/\",\"url\":\"https:\/\/seckinajans.com.tr\/index.php\/diger-hizmetler\/\",\"name\":\"D\u0130\u011eER H\u0130ZMETLER - Se\u00e7kin Ajans, Ankara Matbaa ,OST\u0130M Matbaa\",\"isPartOf\":{\"@id\":\"https:\/\/seckinajans.com.tr\/#website\"},\"primaryImageOfPage\":{\"@id\":\"https:\/\/seckinajans.com.tr\/index.php\/diger-hizmetler\/#primaryimage\"},\"image\":{\"@id\":\"https:\/\/seckinajans.com.tr\/index.php\/diger-hizmetler\/#primaryimage\"},\"thumbnailUrl\":\"https:\/\/seckinajans.com.tr\/wp-content\/uploads\/2022\/12\/KUTU-AMBALAJ-9-2048x1229.jpg\",\"datePublished\":\"2022-12-28T07:50:50+00:00\",\"dateModified\":\"2023-01-04T13:24:21+00:00\",\"breadcrumb\":{\"@id\":\"https:\/\/seckinajans.com.tr\/index.php\/diger-hizmetler\/#breadcrumb\"},\"inLanguage\":\"tr\",\"potentialAction\":[{\"@type\":\"ReadAction\",\"target\":[\"https:\/\/seckinajans.com.tr\/index.php\/diger-hizmetler\/\"]}]},{\"@type\":\"ImageObject\",\"inLanguage\":\"tr\",\"@id\":\"https:\/\/seckinajans.com.tr\/index.php\/diger-hizmetler\/#primaryimage\",\"url\":\"https:\/\/seckinajans.com.tr\/wp-content\/uploads\/2022\/12\/KUTU-AMBALAJ-9.jpg\",\"contentUrl\":\"https:\/\/seckinajans.com.tr\/wp-content\/uploads\/2022\/12\/KUTU-AMBALAJ-9.jpg\",\"width\":2084,\"height\":1251,\"caption\":\"\u00dcR\u00dcN AMBALAJ BASIMI\"},{\"@type\":\"BreadcrumbList\",\"@id\":\"https:\/\/seckinajans.com.tr\/index.php\/diger-hizmetler\/#breadcrumb\",\"itemListElement\":[{\"@type\":\"ListItem\",\"position\":1,\"name\":\"Anasayfa\",\"item\":\"https:\/\/seckinajans.com.tr\/\"},{\"@type\":\"ListItem\",\"position\":2,\"name\":\"D\u0130\u011eER H\u0130ZMETLER\"}]},{\"@type\":\"WebSite\",\"@id\":\"https:\/\/seckinajans.com.tr\/#website\",\"url\":\"https:\/\/seckinajans.com.tr\/\",\"name\":\"seckinajans Ajans, Ankara Matbaa ,OST\u0130M Matbaa\",\"description\":\"Ankara Matbaa, OST\u0130M Matbaa, Ankara Promosyon \u00dcr\u00fcnler, OST\u0130M Promosyon \u00dcr\u00fcnler\",\"potentialAction\":[{\"@type\":\"SearchAction\",\"target\":{\"@type\":\"EntryPoint\",\"urlTemplate\":\"https:\/\/seckinajans.com.tr\/?s={search_term_string}\"},\"query-input\":{\"@type\":\"PropertyValueSpecification\",\"valueRequired\":true,\"valueName\":\"search_term_string\"}}],\"inLanguage\":\"tr\"}]}<\/script>\n<!-- \/ Yoast SEO plugin. -->","yoast_head_json":{"title":"D\u0130\u011eER H\u0130ZMETLER - Se\u00e7kin Ajans, Ankara Matbaa ,OST\u0130M Matbaa","robots":{"index":"index","follow":"follow","max-snippet":"max-snippet:-1","max-image-preview":"max-image-preview:large","max-video-preview":"max-video-preview:-1"},"canonical":"https:\/\/seckinajans.com.tr\/index.php\/diger-hizmetler\/","og_locale":"tr_TR","og_type":"article","og_title":"D\u0130\u011eER H\u0130ZMETLER - Se\u00e7kin Ajans, Ankara Matbaa ,OST\u0130M Matbaa","og_description":"KUTU &amp; AMBALAJ D\u0130J\u0130TAL BASKI GRAF\u0130K TASARIM","og_url":"https:\/\/seckinajans.com.tr\/index.php\/diger-hizmetler\/","og_site_name":"Se\u00e7kin Ajans, Ankara Matbaa ,OST\u0130M Matbaa","article_modified_time":"2023-01-04T13:24:21+00:00","og_image":[{"url":"https:\/\/seckinajans.com.tr\/wp-content\/uploads\/2022\/12\/KUTU-AMBALAJ-9-2048x1229.jpg","type":"","width":"","height":""}],"twitter_card":"summary_large_image","twitter_misc":{"Tahmini okuma s\u00fcresi":"1 dakika"},"schema":{"@context":"https:\/\/schema.org","@graph":[{"@type":"WebPage","@id":"https:\/\/seckinajans.com.tr\/index.php\/diger-hizmetler\/","url":"https:\/\/seckinajans.com.tr\/index.php\/diger-hizmetler\/","name":"D\u0130\u011eER H\u0130ZMETLER - Se\u00e7kin Ajans, Ankara Matbaa ,OST\u0130M Matbaa","isPartOf":{"@id":"https:\/\/seckinajans.com.tr\/#website"},"primaryImageOfPage":{"@id":"https:\/\/seckinajans.com.tr\/index.php\/diger-hizmetler\/#primaryimage"},"image":{"@id":"https:\/\/seckinajans.com.tr\/index.php\/diger-hizmetler\/#primaryimage"},"thumbnailUrl":"https:\/\/seckinajans.com.tr\/wp-content\/uploads\/2022\/12\/KUTU-AMBALAJ-9-2048x1229.jpg","datePublished":"2022-12-28T07:50:50+00:00","dateModified":"2023-01-04T13:24:21+00:00","breadcrumb":{"@id":"https:\/\/seckinajans.com.tr\/index.php\/diger-hizmetler\/#breadcrumb"},"inLanguage":"tr","potentialAction":[{"@type":"ReadAction","target":["https:\/\/seckinajans.com.tr\/index.php\/diger-hizmetler\/"]}]},{"@type":"ImageObject","inLanguage":"tr","@id":"https:\/\/seckinajans.com.tr\/index.php\/diger-hizmetler\/#primaryimage","url":"https:\/\/seckinajans.com.tr\/wp-content\/uploads\/2022\/12\/KUTU-AMBALAJ-9.jpg","contentUrl":"https:\/\/seckinajans.com.tr\/wp-content\/uploads\/2022\/12\/KUTU-AMBALAJ-9.jpg","width":2084,"height":1251,"caption":"\u00dcR\u00dcN AMBALAJ BASIMI"},{"@type":"BreadcrumbList","@id":"https:\/\/seckinajans.com.tr\/index.php\/diger-hizmetler\/#breadcrumb","itemListElement":[{"@type":"ListItem","position":1,"name":"Anasayfa","item":"https:\/\/seckinajans.com.tr\/"},{"@type":"ListItem","position":2,"name":"D\u0130\u011eER H\u0130ZMETLER"}]},{"@type":"WebSite","@id":"https:\/\/seckinajans.com.tr\/#website","url":"https:\/\/seckinajans.com.tr\/","name":"seckinajans Ajans, Ankara Matbaa ,OST\u0130M Matbaa","description":"Ankara Matbaa, OST\u0130M Matbaa, Ankara Promosyon \u00dcr\u00fcnler, OST\u0130M Promosyon \u00dcr\u00fcnler","potentialAction":[{"@type":"SearchAction","target":{"@type":"EntryPoint","urlTemplate":"https:\/\/seckinajans.com.tr\/?s={search_term_string}"},"query-input":{"@type":"PropertyValueSpecification","valueRequired":true,"valueName":"search_term_string"}}],"inLanguage":"tr"}]}},"_links":{"self":[{"href":"https:\/\/seckinajans.com.tr\/index.php\/wp-json\/wp\/v2\/pages\/779","targetHints":{"allow":["GET"]}}],"collection":[{"href":"https:\/\/seckinajans.com.tr\/index.php\/wp-json\/wp\/v2\/pages"}],"about":[{"href":"https:\/\/seckinajans.com.tr\/index.php\/wp-json\/wp\/v2\/types\/page"}],"author":[{"embeddable":true,"href":"https:\/\/seckinajans.com.tr\/index.php\/wp-json\/wp\/v2\/users\/1"}],"replies":[{"embeddable":true,"href":"https:\/\/seckinajans.com.tr\/index.php\/wp-json\/wp\/v2\/comments?post=779"}],"version-history":[{"count":14,"href":"https:\/\/seckinajans.com.tr\/index.php\/wp-json\/wp\/v2\/pages\/779\/revisions"}],"predecessor-version":[{"id":2089,"href":"https:\/\/seckinajans.com.tr\/index.php\/wp-json\/wp\/v2\/pages\/779\/revisions\/2089"}],"wp:attachment":[{"href":"https:\/\/seckinajans.com.tr\/index.php\/wp-json\/wp\/v2\/media?parent=779"}],"curies":[{"name":"wp","href":"https:\/\/api.w.org\/{rel}","templated":true}]}}