{"id":778,"date":"2022-12-28T07:50:50","date_gmt":"2022-12-28T07:50:50","guid":{"rendered":"https:\/\/seckinajans.com.tr\/?page_id=778"},"modified":"2024-02-19T10:29:26","modified_gmt":"2024-02-19T10:29:26","slug":"matbaa-ve-promosyon","status":"publish","type":"page","link":"https:\/\/seckinajans.com.tr\/index.php\/matbaa-ve-promosyon\/","title":{"rendered":"\u0130LET\u0130\u015e\u0130M"},"content":{"rendered":"\t\t<div data-elementor-type=\"wp-page\" data-elementor-id=\"778\" class=\"elementor elementor-778\">\n\t\t\t\t\t\t\t\t\t<section class=\"elementor-section elementor-top-section elementor-element elementor-element-2c122492 elementor-section-boxed elementor-section-height-default elementor-section-height-default\" data-id=\"2c122492\" data-element_type=\"section\">\n\t\t\t\t\t\t<div class=\"elementor-container elementor-column-gap-default\">\n\t\t\t\t\t<div class=\"elementor-column elementor-col-100 elementor-top-column elementor-element elementor-element-61d2e08a\" data-id=\"61d2e08a\" data-element_type=\"column\">\n\t\t\t<div class=\"elementor-widget-wrap elementor-element-populated\">\n\t\t\t\t\t\t\t\t<div class=\"elementor-element elementor-element-1a6f5b04 elementor-widget elementor-widget-text-editor\" data-id=\"1a6f5b04\" data-element_type=\"widget\" data-widget_type=\"text-editor.default\">\n\t\t\t\t<div class=\"elementor-widget-container\">\n\t\t\t\t\t\t\t<p><!-- wp:paragraph --><\/p>\n<p><strong>Adres : \u0130vedik O.S.B 1468. Cadde No: 165\/26\u00a0 KA-CL \u0130\u015f Merkezi Yenimahalle &#8211; ANKARA<\/strong><\/p>\n<p><b>\u0130leti\u015fim : Telefon : 0.312 394 78 99\u00a0 Gsm : 0549 394 78 99<\/b><\/p>\n<p><b>E.Mail : seckingrafik@gmail.com<\/b><\/p>\n<p><a href=\"https:\/\/seckinajans.com.tr\/\">Ankara Matbaa<\/a> \u2022 <a href=\"https:\/\/www.promosyonart.com\/\">Ankara Promosyon<\/a> \u2022 <a href=\"https:\/\/seckinajans.com.tr\/\">OST\u0130M Matbaa<\/a> \u2022 <a href=\"https:\/\/www.promosyonart.com\/\">OST\u0130M Promosyon<\/a><\/p>\n<p><!-- \/wp:paragraph --><\/p>\t\t\t\t\t\t<\/div>\n\t\t\t\t<\/div>\n\t\t\t\t\t<\/div>\n\t\t<\/div>\n\t\t\t\t\t\t\t<\/div>\n\t\t<\/section>\n\t\t\t\t<section class=\"elementor-section elementor-top-section elementor-element elementor-element-8ee3f1c elementor-section-boxed elementor-section-height-default elementor-section-height-default\" data-id=\"8ee3f1c\" data-element_type=\"section\">\n\t\t\t\t\t\t<div class=\"elementor-container elementor-column-gap-default\">\n\t\t\t\t\t<div class=\"elementor-column elementor-col-100 elementor-top-column elementor-element elementor-element-8cab6e4\" data-id=\"8cab6e4\" data-element_type=\"column\">\n\t\t\t<div class=\"elementor-widget-wrap elementor-element-populated\">\n\t\t\t\t\t\t\t\t<div class=\"elementor-element elementor-element-3666ad8 map-default elementor-widget elementor-widget-google_maps\" data-id=\"3666ad8\" data-element_type=\"widget\" data-widget_type=\"google_maps.default\">\n\t\t\t\t<div class=\"elementor-widget-container\">\n\t\t\t\t\t<div class=\"elementor-custom-embed\">\n\t\t\t<iframe loading=\"lazy\"\n\t\t\t\t\tsrc=\"https:\/\/maps.google.com\/maps?q=Se%C3%A7kin%20Ajans%20Matbaa%20ve%20Promosyon%2C%20%C4%B0vedik%20Mah.%201468.%20Cadde%202283%20Sokak%20KA-CL%20%C4%B0%C5%9F%20Merkezi%20No%3A165%2F26%2C%201468.%20Cd.%2C%2006378%20Yenimahalle%2FAnkara&#038;t=m&#038;z=10&#038;output=embed&#038;iwloc=near\"\n\t\t\t\t\ttitle=\"Se\u00e7kin Ajans Matbaa ve Promosyon, \u0130vedik Mah. 1468. Cadde 2283 Sokak KA-CL \u0130\u015f Merkezi No:165\/26, 1468. Cd., 06378 Yenimahalle\/Ankara\"\n\t\t\t\t\taria-label=\"Se\u00e7kin Ajans Matbaa ve Promosyon, \u0130vedik Mah. 1468. Cadde 2283 Sokak KA-CL \u0130\u015f Merkezi No:165\/26, 1468. Cd., 06378 Yenimahalle\/Ankara\"\n\t\t\t><\/iframe>\n\t\t<\/div>\n\t\t\t\t<\/div>\n\t\t\t\t<\/div>\n\t\t\t\t\t<\/div>\n\t\t<\/div>\n\t\t\t\t\t\t\t<\/div>\n\t\t<\/section>\n\t\t\t\t<section class=\"elementor-section elementor-top-section elementor-element elementor-element-05ddb4d elementor-section-boxed elementor-section-height-default elementor-section-height-default\" data-id=\"05ddb4d\" data-element_type=\"section\">\n\t\t\t\t\t\t<div class=\"elementor-container elementor-column-gap-default\">\n\t\t\t\t\t<div class=\"elementor-column elementor-col-100 elementor-top-column elementor-element elementor-element-167333e\" data-id=\"167333e\" data-element_type=\"column\">\n\t\t\t<div class=\"elementor-widget-wrap elementor-element-populated\">\n\t\t\t\t\t\t\t\t<div class=\"elementor-element elementor-element-a016abe elementor-widget elementor-widget-shortcode\" data-id=\"a016abe\" data-element_type=\"widget\" data-widget_type=\"shortcode.default\">\n\t\t\t\t<div class=\"elementor-widget-container\">\n\t\t\t\t\t<div class=\"elementor-shortcode\">\n<div class=\"wpcf7 no-js\" id=\"wpcf7-f6-o1\" lang=\"tr-TR\" dir=\"ltr\" data-wpcf7-id=\"6\">\n<div class=\"screen-reader-response\"><p role=\"status\" aria-live=\"polite\" aria-atomic=\"true\"><\/p> <ul><\/ul><\/div>\n<form action=\"\/index.php\/wp-json\/wp\/v2\/pages\/778#wpcf7-f6-o1\" method=\"post\" class=\"wpcf7-form init\" aria-label=\"\u0130leti\u015fim Formu\" novalidate=\"novalidate\" data-status=\"init\">\n<div style=\"display: none;\">\n<input type=\"hidden\" name=\"_wpcf7\" value=\"6\" \/>\n<input type=\"hidden\" name=\"_wpcf7_version\" value=\"6.0.3\" \/>\n<input type=\"hidden\" name=\"_wpcf7_locale\" value=\"tr_TR\" \/>\n<input type=\"hidden\" name=\"_wpcf7_unit_tag\" value=\"wpcf7-f6-o1\" \/>\n<input type=\"hidden\" name=\"_wpcf7_container_post\" value=\"0\" \/>\n<input type=\"hidden\" name=\"_wpcf7_posted_data_hash\" value=\"\" \/>\n<\/div>\n<p><label> \u0130sim - Soyisim<br \/>\n<span class=\"wpcf7-form-control-wrap\" data-name=\"your-name\"><input size=\"40\" maxlength=\"400\" class=\"wpcf7-form-control wpcf7-text wpcf7-validates-as-required\" autocomplete=\"name\" aria-required=\"true\" aria-invalid=\"false\" value=\"\" type=\"text\" name=\"your-name\" \/><\/span> <\/label>\n<\/p>\n<p><label> E-posta<br \/>\n<span class=\"wpcf7-form-control-wrap\" data-name=\"your-email\"><input size=\"40\" maxlength=\"400\" class=\"wpcf7-form-control wpcf7-email wpcf7-validates-as-required wpcf7-text wpcf7-validates-as-email\" autocomplete=\"email\" aria-required=\"true\" aria-invalid=\"false\" value=\"\" type=\"email\" name=\"your-email\" \/><\/span> <\/label>\n<\/p>\n<p><label> Konu<br \/>\n<span class=\"wpcf7-form-control-wrap\" data-name=\"your-subject\"><input size=\"40\" maxlength=\"400\" class=\"wpcf7-form-control wpcf7-text wpcf7-validates-as-required\" aria-required=\"true\" aria-invalid=\"false\" value=\"\" type=\"text\" name=\"your-subject\" \/><\/span> <\/label>\n<\/p>\n<p><label> Mesaj<br \/>\n<span class=\"wpcf7-form-control-wrap\" data-name=\"your-message\"><textarea cols=\"40\" rows=\"10\" maxlength=\"2000\" class=\"wpcf7-form-control wpcf7-textarea\" aria-invalid=\"false\" name=\"your-message\"><\/textarea><\/span> <\/label>\n<\/p>\n<p><input class=\"wpcf7-form-control wpcf7-submit has-spinner\" type=\"submit\" value=\"G\u00f6nder\" \/>\n<\/p><div class=\"wpcf7-response-output\" aria-hidden=\"true\"><\/div>\n<\/form>\n<\/div>\n<\/div>\n\t\t\t\t<\/div>\n\t\t\t\t<\/div>\n\t\t\t\t\t<\/div>\n\t\t<\/div>\n\t\t\t\t\t\t\t<\/div>\n\t\t<\/section>\n\t\t\t\t\t\t\t<\/div>\n\t\t","protected":false},"excerpt":{"rendered":"<p>Adres : \u0130vedik O.S.B 1468. Cadde No: 165\/26\u00a0 KA-CL \u0130\u015f Merkezi Yenimahalle &#8211; ANKARA \u0130leti\u015fim : Telefon : 0.312 394 78 99\u00a0 Gsm : 0549 394 78 99 E.Mail : seckingrafik@gmail.com Ankara Matbaa \u2022 Ankara Promosyon \u2022 OST\u0130M Matbaa \u2022 OST\u0130M Promosyon<\/p>\n","protected":false},"author":1,"featured_media":0,"parent":0,"menu_order":0,"comment_status":"closed","ping_status":"closed","template":"","meta":{"footnotes":""},"class_list":["post-778","page","type-page","status-publish","hentry"],"yoast_head":"<!-- This site is optimized with the Yoast SEO plugin v24.4 - https:\/\/yoast.com\/wordpress\/plugins\/seo\/ -->\n<title>Matbaa ve Promosyon \u23aeOST\u0130M Matbaa\u23aeAnkara Matbaa \u23aeMatbaa<\/title>\n<meta name=\"description\" content=\"&quot;Matbaa&quot; ve &quot;Promosyon&quot; \u0130htiya\u00e7lar\u0131n\u0131z\u0131 , Ankara \u0130vedik OSB OST\u0130M b\u00f6lgesinde &quot;OST\u0130M Matbaa&quot; Ve &quot;Ankara Matbaa&quot; Olarak kar\u015f\u0131l\u0131yoruz\" \/>\n<meta name=\"robots\" content=\"index, follow, max-snippet:-1, max-image-preview:large, max-video-preview:-1\" \/>\n<link rel=\"canonical\" href=\"https:\/\/seckinajans.com.tr\/index.php\/matbaa-ve-promosyon\/\" \/>\n<meta property=\"og:locale\" content=\"tr_TR\" \/>\n<meta property=\"og:type\" content=\"article\" \/>\n<meta property=\"og:title\" content=\"Matbaa ve Promosyon \u23aeOST\u0130M Matbaa\u23aeAnkara Matbaa \u23aeMatbaa\" \/>\n<meta property=\"og:description\" content=\"&quot;Matbaa&quot; ve &quot;Promosyon&quot; \u0130htiya\u00e7lar\u0131n\u0131z\u0131 , Ankara \u0130vedik OSB OST\u0130M b\u00f6lgesinde &quot;OST\u0130M Matbaa&quot; Ve &quot;Ankara Matbaa&quot; Olarak kar\u015f\u0131l\u0131yoruz\" \/>\n<meta property=\"og:url\" content=\"https:\/\/seckinajans.com.tr\/index.php\/matbaa-ve-promosyon\/\" \/>\n<meta property=\"og:site_name\" content=\"Se\u00e7kin Ajans, Ankara Matbaa ,OST\u0130M Matbaa\" \/>\n<meta property=\"article:modified_time\" content=\"2024-02-19T10:29:26+00:00\" \/>\n<meta name=\"twitter:card\" content=\"summary_large_image\" \/>\n<meta name=\"twitter:label1\" content=\"Tahmini okuma s\u00fcresi\" \/>\n\t<meta name=\"twitter:data1\" content=\"1 dakika\" \/>\n<script type=\"application\/ld+json\" class=\"yoast-schema-graph\">{\"@context\":\"https:\/\/schema.org\",\"@graph\":[{\"@type\":\"WebPage\",\"@id\":\"https:\/\/seckinajans.com.tr\/index.php\/matbaa-ve-promosyon\/\",\"url\":\"https:\/\/seckinajans.com.tr\/index.php\/matbaa-ve-promosyon\/\",\"name\":\"Matbaa ve Promosyon \u23aeOST\u0130M Matbaa\u23aeAnkara Matbaa \u23aeMatbaa\",\"isPartOf\":{\"@id\":\"https:\/\/seckinajans.com.tr\/#website\"},\"datePublished\":\"2022-12-28T07:50:50+00:00\",\"dateModified\":\"2024-02-19T10:29:26+00:00\",\"description\":\"\\\"Matbaa\\\" ve \\\"Promosyon\\\" \u0130htiya\u00e7lar\u0131n\u0131z\u0131 , Ankara \u0130vedik OSB OST\u0130M b\u00f6lgesinde \\\"OST\u0130M Matbaa\\\" Ve \\\"Ankara Matbaa\\\" Olarak kar\u015f\u0131l\u0131yoruz\",\"breadcrumb\":{\"@id\":\"https:\/\/seckinajans.com.tr\/index.php\/matbaa-ve-promosyon\/#breadcrumb\"},\"inLanguage\":\"tr\",\"potentialAction\":[{\"@type\":\"ReadAction\",\"target\":[\"https:\/\/seckinajans.com.tr\/index.php\/matbaa-ve-promosyon\/\"]}]},{\"@type\":\"BreadcrumbList\",\"@id\":\"https:\/\/seckinajans.com.tr\/index.php\/matbaa-ve-promosyon\/#breadcrumb\",\"itemListElement\":[{\"@type\":\"ListItem\",\"position\":1,\"name\":\"Anasayfa\",\"item\":\"https:\/\/seckinajans.com.tr\/\"},{\"@type\":\"ListItem\",\"position\":2,\"name\":\"\u0130LET\u0130\u015e\u0130M\"}]},{\"@type\":\"WebSite\",\"@id\":\"https:\/\/seckinajans.com.tr\/#website\",\"url\":\"https:\/\/seckinajans.com.tr\/\",\"name\":\"seckinajans Ajans, Ankara Matbaa ,OST\u0130M Matbaa\",\"description\":\"Ankara Matbaa, OST\u0130M Matbaa, Ankara Promosyon \u00dcr\u00fcnler, OST\u0130M Promosyon \u00dcr\u00fcnler\",\"potentialAction\":[{\"@type\":\"SearchAction\",\"target\":{\"@type\":\"EntryPoint\",\"urlTemplate\":\"https:\/\/seckinajans.com.tr\/?s={search_term_string}\"},\"query-input\":{\"@type\":\"PropertyValueSpecification\",\"valueRequired\":true,\"valueName\":\"search_term_string\"}}],\"inLanguage\":\"tr\"}]}<\/script>\n<!-- \/ Yoast SEO plugin. -->","yoast_head_json":{"title":"Matbaa ve Promosyon \u23aeOST\u0130M Matbaa\u23aeAnkara Matbaa \u23aeMatbaa","description":"\"Matbaa\" ve \"Promosyon\" \u0130htiya\u00e7lar\u0131n\u0131z\u0131 , Ankara \u0130vedik OSB OST\u0130M b\u00f6lgesinde \"OST\u0130M Matbaa\" Ve \"Ankara Matbaa\" Olarak kar\u015f\u0131l\u0131yoruz","robots":{"index":"index","follow":"follow","max-snippet":"max-snippet:-1","max-image-preview":"max-image-preview:large","max-video-preview":"max-video-preview:-1"},"canonical":"https:\/\/seckinajans.com.tr\/index.php\/matbaa-ve-promosyon\/","og_locale":"tr_TR","og_type":"article","og_title":"Matbaa ve Promosyon \u23aeOST\u0130M Matbaa\u23aeAnkara Matbaa \u23aeMatbaa","og_description":"\"Matbaa\" ve \"Promosyon\" \u0130htiya\u00e7lar\u0131n\u0131z\u0131 , Ankara \u0130vedik OSB OST\u0130M b\u00f6lgesinde \"OST\u0130M Matbaa\" Ve \"Ankara Matbaa\" Olarak kar\u015f\u0131l\u0131yoruz","og_url":"https:\/\/seckinajans.com.tr\/index.php\/matbaa-ve-promosyon\/","og_site_name":"Se\u00e7kin Ajans, Ankara Matbaa ,OST\u0130M Matbaa","article_modified_time":"2024-02-19T10:29:26+00:00","twitter_card":"summary_large_image","twitter_misc":{"Tahmini okuma s\u00fcresi":"1 dakika"},"schema":{"@context":"https:\/\/schema.org","@graph":[{"@type":"WebPage","@id":"https:\/\/seckinajans.com.tr\/index.php\/matbaa-ve-promosyon\/","url":"https:\/\/seckinajans.com.tr\/index.php\/matbaa-ve-promosyon\/","name":"Matbaa ve Promosyon \u23aeOST\u0130M Matbaa\u23aeAnkara Matbaa \u23aeMatbaa","isPartOf":{"@id":"https:\/\/seckinajans.com.tr\/#website"},"datePublished":"2022-12-28T07:50:50+00:00","dateModified":"2024-02-19T10:29:26+00:00","description":"\"Matbaa\" ve \"Promosyon\" \u0130htiya\u00e7lar\u0131n\u0131z\u0131 , Ankara \u0130vedik OSB OST\u0130M b\u00f6lgesinde \"OST\u0130M Matbaa\" Ve \"Ankara Matbaa\" Olarak kar\u015f\u0131l\u0131yoruz","breadcrumb":{"@id":"https:\/\/seckinajans.com.tr\/index.php\/matbaa-ve-promosyon\/#breadcrumb"},"inLanguage":"tr","potentialAction":[{"@type":"ReadAction","target":["https:\/\/seckinajans.com.tr\/index.php\/matbaa-ve-promosyon\/"]}]},{"@type":"BreadcrumbList","@id":"https:\/\/seckinajans.com.tr\/index.php\/matbaa-ve-promosyon\/#breadcrumb","itemListElement":[{"@type":"ListItem","position":1,"name":"Anasayfa","item":"https:\/\/seckinajans.com.tr\/"},{"@type":"ListItem","position":2,"name":"\u0130LET\u0130\u015e\u0130M"}]},{"@type":"WebSite","@id":"https:\/\/seckinajans.com.tr\/#website","url":"https:\/\/seckinajans.com.tr\/","name":"seckinajans Ajans, Ankara Matbaa ,OST\u0130M Matbaa","description":"Ankara Matbaa, OST\u0130M Matbaa, Ankara Promosyon \u00dcr\u00fcnler, OST\u0130M Promosyon \u00dcr\u00fcnler","potentialAction":[{"@type":"SearchAction","target":{"@type":"EntryPoint","urlTemplate":"https:\/\/seckinajans.com.tr\/?s={search_term_string}"},"query-input":{"@type":"PropertyValueSpecification","valueRequired":true,"valueName":"search_term_string"}}],"inLanguage":"tr"}]}},"_links":{"self":[{"href":"https:\/\/seckinajans.com.tr\/index.php\/wp-json\/wp\/v2\/pages\/778","targetHints":{"allow":["GET"]}}],"collection":[{"href":"https:\/\/seckinajans.com.tr\/index.php\/wp-json\/wp\/v2\/pages"}],"about":[{"href":"https:\/\/seckinajans.com.tr\/index.php\/wp-json\/wp\/v2\/types\/page"}],"author":[{"embeddable":true,"href":"https:\/\/seckinajans.com.tr\/index.php\/wp-json\/wp\/v2\/users\/1"}],"replies":[{"embeddable":true,"href":"https:\/\/seckinajans.com.tr\/index.php\/wp-json\/wp\/v2\/comments?post=778"}],"version-history":[{"count":27,"href":"https:\/\/seckinajans.com.tr\/index.php\/wp-json\/wp\/v2\/pages\/778\/revisions"}],"predecessor-version":[{"id":1961,"href":"https:\/\/seckinajans.com.tr\/index.php\/wp-json\/wp\/v2\/pages\/778\/revisions\/1961"}],"wp:attachment":[{"href":"https:\/\/seckinajans.com.tr\/index.php\/wp-json\/wp\/v2\/media?parent=778"}],"curies":[{"name":"wp","href":"https:\/\/api.w.org\/{rel}","templated":true}]}}