{"id":777,"date":"2022-12-28T07:50:50","date_gmt":"2022-12-28T07:50:50","guid":{"rendered":"https:\/\/seckinajans.com.tr\/?page_id=777"},"modified":"2024-10-03T08:00:06","modified_gmt":"2024-10-03T08:00:06","slug":"2023-urun-katalogu","status":"publish","type":"page","link":"https:\/\/seckinajans.com.tr\/index.php\/2023-urun-katalogu\/","title":{"rendered":"2024 PROMOSYON KATALO\u011eU"},"content":{"rendered":"\t\t<div data-elementor-type=\"wp-page\" data-elementor-id=\"777\" class=\"elementor elementor-777\">\n\t\t\t\t\t\t\t\t\t<section class=\"elementor-section elementor-top-section elementor-element elementor-element-0f57a12 elementor-section-full_width elementor-section-content-middle elementor-section-height-default elementor-section-height-default\" data-id=\"0f57a12\" data-element_type=\"section\">\n\t\t\t\t\t\t<div class=\"elementor-container elementor-column-gap-default\">\n\t\t\t\t\t<div class=\"elementor-column elementor-col-100 elementor-top-column elementor-element elementor-element-6573fc7\" data-id=\"6573fc7\" data-element_type=\"column\">\n\t\t\t<div class=\"elementor-widget-wrap elementor-element-populated\">\n\t\t\t\t\t\t\t\t<div class=\"elementor-element elementor-element-2371328 elementor-widget__width-inherit elementor-widget elementor-widget-shortcode\" data-id=\"2371328\" data-element_type=\"widget\" data-widget_type=\"shortcode.default\">\n\t\t\t\t<div class=\"elementor-widget-container\">\n\t\t\t\t\t<div class=\"elementor-shortcode\"><div class=\"_df_book df-lite\" id=\"df_2252\"  _slug=\"2252\" data-title=\"\" wpoptions=\"true\" thumbtype=\"\" ><\/div><script class=\"df-shortcode-script\" nowprocket type=\"application\/javascript\">window.option_df_2252 = {\"outline\":[],\"autoEnableOutline\":\"false\",\"autoEnableThumbnail\":\"false\",\"overwritePDFOutline\":\"false\",\"direction\":\"1\",\"pageSize\":\"0\",\"source\":\"https:\\\/\\\/seckinajans.com.tr\\\/wp-content\\\/uploads\\\/2024\\\/10\\\/SECKIN-AJANS-PROMOSYON-KATALOGU-SITE.pdf\",\"wpOptions\":\"true\"}; if(window.DFLIP && window.DFLIP.parseBooks){window.DFLIP.parseBooks();}<\/script><\/div>\n\t\t\t\t<\/div>\n\t\t\t\t<\/div>\n\t\t\t\t\t<\/div>\n\t\t<\/div>\n\t\t\t\t\t\t\t<\/div>\n\t\t<\/section>\n\t\t\t\t\t\t\t<\/div>\n\t\t","protected":false},"excerpt":{"rendered":"","protected":false},"author":1,"featured_media":0,"parent":0,"menu_order":0,"comment_status":"closed","ping_status":"closed","template":"","meta":{"footnotes":""},"class_list":["post-777","page","type-page","status-publish","hentry"],"yoast_head":"<!-- This site is optimized with the Yoast SEO plugin v24.4 - https:\/\/yoast.com\/wordpress\/plugins\/seo\/ -->\n<title>Promosyon \u00dcr\u00fcnler\u23aeAnkara Promosyon \u23aeOST\u0130M Promosyon<\/title>\n<meta name=\"description\" content=\"&quot;Promosyon \u00dcr\u00fcnler&quot; &quot;Ankara Promosyon&quot; &quot;OST\u0130M Promosyon&quot; &quot;Bask\u0131l\u0131 Promosyon \u00dcr\u00fcnler&quot; Promosyon Bas\u0131m\u0131&quot; Promosyon \u00dcr\u00fcn Katalo\u011fu&quot;\" \/>\n<meta name=\"robots\" content=\"index, follow, max-snippet:-1, max-image-preview:large, max-video-preview:-1\" \/>\n<link rel=\"canonical\" href=\"https:\/\/seckinajans.com.tr\/index.php\/2023-urun-katalogu\/\" \/>\n<meta property=\"og:locale\" content=\"tr_TR\" \/>\n<meta property=\"og:type\" content=\"article\" \/>\n<meta property=\"og:title\" content=\"Promosyon \u00dcr\u00fcnler\u23aeAnkara Promosyon \u23aeOST\u0130M Promosyon\" \/>\n<meta property=\"og:description\" content=\"&quot;Promosyon \u00dcr\u00fcnler&quot; &quot;Ankara Promosyon&quot; &quot;OST\u0130M Promosyon&quot; &quot;Bask\u0131l\u0131 Promosyon \u00dcr\u00fcnler&quot; Promosyon Bas\u0131m\u0131&quot; Promosyon \u00dcr\u00fcn Katalo\u011fu&quot;\" \/>\n<meta property=\"og:url\" content=\"https:\/\/seckinajans.com.tr\/index.php\/2023-urun-katalogu\/\" \/>\n<meta property=\"og:site_name\" content=\"Se\u00e7kin Ajans, Ankara Matbaa ,OST\u0130M Matbaa\" \/>\n<meta property=\"article:modified_time\" content=\"2024-10-03T08:00:06+00:00\" \/>\n<meta name=\"twitter:card\" content=\"summary_large_image\" \/>\n<meta name=\"twitter:label1\" content=\"Tahmini okuma s\u00fcresi\" \/>\n\t<meta name=\"twitter:data1\" content=\"1 dakika\" \/>\n<script type=\"application\/ld+json\" class=\"yoast-schema-graph\">{\"@context\":\"https:\/\/schema.org\",\"@graph\":[{\"@type\":\"WebPage\",\"@id\":\"https:\/\/seckinajans.com.tr\/index.php\/2023-urun-katalogu\/\",\"url\":\"https:\/\/seckinajans.com.tr\/index.php\/2023-urun-katalogu\/\",\"name\":\"Promosyon \u00dcr\u00fcnler\u23aeAnkara Promosyon \u23aeOST\u0130M Promosyon\",\"isPartOf\":{\"@id\":\"https:\/\/seckinajans.com.tr\/#website\"},\"datePublished\":\"2022-12-28T07:50:50+00:00\",\"dateModified\":\"2024-10-03T08:00:06+00:00\",\"description\":\"\\\"Promosyon \u00dcr\u00fcnler\\\" \\\"Ankara Promosyon\\\" \\\"OST\u0130M Promosyon\\\" \\\"Bask\u0131l\u0131 Promosyon \u00dcr\u00fcnler\\\" Promosyon Bas\u0131m\u0131\\\" Promosyon \u00dcr\u00fcn Katalo\u011fu\\\"\",\"breadcrumb\":{\"@id\":\"https:\/\/seckinajans.com.tr\/index.php\/2023-urun-katalogu\/#breadcrumb\"},\"inLanguage\":\"tr\",\"potentialAction\":[{\"@type\":\"ReadAction\",\"target\":[\"https:\/\/seckinajans.com.tr\/index.php\/2023-urun-katalogu\/\"]}]},{\"@type\":\"BreadcrumbList\",\"@id\":\"https:\/\/seckinajans.com.tr\/index.php\/2023-urun-katalogu\/#breadcrumb\",\"itemListElement\":[{\"@type\":\"ListItem\",\"position\":1,\"name\":\"Anasayfa\",\"item\":\"https:\/\/seckinajans.com.tr\/\"},{\"@type\":\"ListItem\",\"position\":2,\"name\":\"2024 PROMOSYON KATALO\u011eU\"}]},{\"@type\":\"WebSite\",\"@id\":\"https:\/\/seckinajans.com.tr\/#website\",\"url\":\"https:\/\/seckinajans.com.tr\/\",\"name\":\"seckinajans Ajans, Ankara Matbaa ,OST\u0130M Matbaa\",\"description\":\"Ankara Matbaa, OST\u0130M Matbaa, Ankara Promosyon \u00dcr\u00fcnler, OST\u0130M Promosyon \u00dcr\u00fcnler\",\"potentialAction\":[{\"@type\":\"SearchAction\",\"target\":{\"@type\":\"EntryPoint\",\"urlTemplate\":\"https:\/\/seckinajans.com.tr\/?s={search_term_string}\"},\"query-input\":{\"@type\":\"PropertyValueSpecification\",\"valueRequired\":true,\"valueName\":\"search_term_string\"}}],\"inLanguage\":\"tr\"}]}<\/script>\n<!-- \/ Yoast SEO plugin. -->","yoast_head_json":{"title":"Promosyon \u00dcr\u00fcnler\u23aeAnkara Promosyon \u23aeOST\u0130M Promosyon","description":"\"Promosyon \u00dcr\u00fcnler\" \"Ankara Promosyon\" \"OST\u0130M Promosyon\" \"Bask\u0131l\u0131 Promosyon \u00dcr\u00fcnler\" Promosyon Bas\u0131m\u0131\" Promosyon \u00dcr\u00fcn Katalo\u011fu\"","robots":{"index":"index","follow":"follow","max-snippet":"max-snippet:-1","max-image-preview":"max-image-preview:large","max-video-preview":"max-video-preview:-1"},"canonical":"https:\/\/seckinajans.com.tr\/index.php\/2023-urun-katalogu\/","og_locale":"tr_TR","og_type":"article","og_title":"Promosyon \u00dcr\u00fcnler\u23aeAnkara Promosyon \u23aeOST\u0130M Promosyon","og_description":"\"Promosyon \u00dcr\u00fcnler\" \"Ankara Promosyon\" \"OST\u0130M Promosyon\" \"Bask\u0131l\u0131 Promosyon \u00dcr\u00fcnler\" Promosyon Bas\u0131m\u0131\" Promosyon \u00dcr\u00fcn Katalo\u011fu\"","og_url":"https:\/\/seckinajans.com.tr\/index.php\/2023-urun-katalogu\/","og_site_name":"Se\u00e7kin Ajans, Ankara Matbaa ,OST\u0130M Matbaa","article_modified_time":"2024-10-03T08:00:06+00:00","twitter_card":"summary_large_image","twitter_misc":{"Tahmini okuma s\u00fcresi":"1 dakika"},"schema":{"@context":"https:\/\/schema.org","@graph":[{"@type":"WebPage","@id":"https:\/\/seckinajans.com.tr\/index.php\/2023-urun-katalogu\/","url":"https:\/\/seckinajans.com.tr\/index.php\/2023-urun-katalogu\/","name":"Promosyon \u00dcr\u00fcnler\u23aeAnkara Promosyon \u23aeOST\u0130M Promosyon","isPartOf":{"@id":"https:\/\/seckinajans.com.tr\/#website"},"datePublished":"2022-12-28T07:50:50+00:00","dateModified":"2024-10-03T08:00:06+00:00","description":"\"Promosyon \u00dcr\u00fcnler\" \"Ankara Promosyon\" \"OST\u0130M Promosyon\" \"Bask\u0131l\u0131 Promosyon \u00dcr\u00fcnler\" Promosyon Bas\u0131m\u0131\" Promosyon \u00dcr\u00fcn Katalo\u011fu\"","breadcrumb":{"@id":"https:\/\/seckinajans.com.tr\/index.php\/2023-urun-katalogu\/#breadcrumb"},"inLanguage":"tr","potentialAction":[{"@type":"ReadAction","target":["https:\/\/seckinajans.com.tr\/index.php\/2023-urun-katalogu\/"]}]},{"@type":"BreadcrumbList","@id":"https:\/\/seckinajans.com.tr\/index.php\/2023-urun-katalogu\/#breadcrumb","itemListElement":[{"@type":"ListItem","position":1,"name":"Anasayfa","item":"https:\/\/seckinajans.com.tr\/"},{"@type":"ListItem","position":2,"name":"2024 PROMOSYON KATALO\u011eU"}]},{"@type":"WebSite","@id":"https:\/\/seckinajans.com.tr\/#website","url":"https:\/\/seckinajans.com.tr\/","name":"seckinajans Ajans, Ankara Matbaa ,OST\u0130M Matbaa","description":"Ankara Matbaa, OST\u0130M Matbaa, Ankara Promosyon \u00dcr\u00fcnler, OST\u0130M Promosyon \u00dcr\u00fcnler","potentialAction":[{"@type":"SearchAction","target":{"@type":"EntryPoint","urlTemplate":"https:\/\/seckinajans.com.tr\/?s={search_term_string}"},"query-input":{"@type":"PropertyValueSpecification","valueRequired":true,"valueName":"search_term_string"}}],"inLanguage":"tr"}]}},"_links":{"self":[{"href":"https:\/\/seckinajans.com.tr\/index.php\/wp-json\/wp\/v2\/pages\/777","targetHints":{"allow":["GET"]}}],"collection":[{"href":"https:\/\/seckinajans.com.tr\/index.php\/wp-json\/wp\/v2\/pages"}],"about":[{"href":"https:\/\/seckinajans.com.tr\/index.php\/wp-json\/wp\/v2\/types\/page"}],"author":[{"embeddable":true,"href":"https:\/\/seckinajans.com.tr\/index.php\/wp-json\/wp\/v2\/users\/1"}],"replies":[{"embeddable":true,"href":"https:\/\/seckinajans.com.tr\/index.php\/wp-json\/wp\/v2\/comments?post=777"}],"version-history":[{"count":14,"href":"https:\/\/seckinajans.com.tr\/index.php\/wp-json\/wp\/v2\/pages\/777\/revisions"}],"predecessor-version":[{"id":2259,"href":"https:\/\/seckinajans.com.tr\/index.php\/wp-json\/wp\/v2\/pages\/777\/revisions\/2259"}],"wp:attachment":[{"href":"https:\/\/seckinajans.com.tr\/index.php\/wp-json\/wp\/v2\/media?parent=777"}],"curies":[{"name":"wp","href":"https:\/\/api.w.org\/{rel}","templated":true}]}}