{"id":776,"date":"2022-12-28T07:50:50","date_gmt":"2022-12-28T07:50:50","guid":{"rendered":"https:\/\/seckinajans.com.tr\/?page_id=776"},"modified":"2025-07-01T14:02:48","modified_gmt":"2025-07-01T14:02:48","slug":"promosyon-urunleri","status":"publish","type":"page","link":"https:\/\/seckinajans.com.tr\/index.php\/promosyon-urunleri\/","title":{"rendered":"PROMOSYON \u00dcR\u00dcNLER\u0130"},"content":{"rendered":"\t\t<div data-elementor-type=\"wp-page\" data-elementor-id=\"776\" class=\"elementor elementor-776\">\n\t\t\t\t\t\t\t\t\t<section class=\"elementor-section elementor-top-section elementor-element elementor-element-5ceeec9 elementor-section-boxed elementor-section-height-default elementor-section-height-default\" data-id=\"5ceeec9\" data-element_type=\"section\">\n\t\t\t\t\t\t<div class=\"elementor-container elementor-column-gap-default\">\n\t\t\t\t\t<div class=\"elementor-column elementor-col-100 elementor-top-column elementor-element elementor-element-33f2721\" data-id=\"33f2721\" data-element_type=\"column\">\n\t\t\t<div class=\"elementor-widget-wrap\">\n\t\t\t\t\t\t\t\t\t<\/div>\n\t\t<\/div>\n\t\t\t\t\t\t\t<\/div>\n\t\t<\/section>\n\t\t\t\t<section class=\"elementor-section elementor-top-section elementor-element elementor-element-ab79dee elementor-section-boxed elementor-section-height-default elementor-section-height-default\" data-id=\"ab79dee\" data-element_type=\"section\">\n\t\t\t\t\t\t<div class=\"elementor-container elementor-column-gap-default\">\n\t\t\t\t\t<div class=\"elementor-column elementor-col-100 elementor-top-column elementor-element elementor-element-b67178b\" data-id=\"b67178b\" data-element_type=\"column\">\n\t\t\t<div class=\"elementor-widget-wrap\">\n\t\t\t\t\t\t\t\t\t<\/div>\n\t\t<\/div>\n\t\t\t\t\t\t\t<\/div>\n\t\t<\/section>\n\t\t\t\t<section class=\"elementor-section elementor-top-section elementor-element elementor-element-1edc35e elementor-section-boxed elementor-section-height-default elementor-section-height-default\" data-id=\"1edc35e\" data-element_type=\"section\">\n\t\t\t\t\t\t<div class=\"elementor-container elementor-column-gap-default\">\n\t\t\t\t\t<div class=\"elementor-column elementor-col-100 elementor-top-column elementor-element elementor-element-f82f6d1\" data-id=\"f82f6d1\" data-element_type=\"column\">\n\t\t\t<div class=\"elementor-widget-wrap elementor-element-populated\">\n\t\t\t\t\t\t\t\t<div class=\"elementor-element elementor-element-35e607a elementor-widget elementor-widget-image\" data-id=\"35e607a\" data-element_type=\"widget\" data-widget_type=\"image.default\">\n\t\t\t\t<div class=\"elementor-widget-container\">\n\t\t\t\t\t\t\t\t\t\t\t\t<figure class=\"wp-caption\">\n\t\t\t\t\t\t\t\t\t\t<img loading=\"lazy\" decoding=\"async\" width=\"1024\" height=\"615\" src=\"https:\/\/seckinajans.com.tr\/wp-content\/uploads\/2022\/12\/PROMOSYON-GERI\u0307-DO\u0308NU\u0308S\u0327U\u0308M-U\u0308RU\u0308NLERI\u0307-2-1024x615.jpg\" class=\"attachment-large size-large wp-image-1177\" alt=\"\" \/>\t\t\t\t\t\t\t\t\t\t\t<figcaption class=\"widget-image-caption wp-caption-text\">GER\u0130 D\u00d6N\u00dc\u015e\u00dcML\u00dc \u00dcR\u00dcNLER<\/figcaption>\n\t\t\t\t\t\t\t\t\t\t<\/figure>\n\t\t\t\t\t\t\t\t\t<\/div>\n\t\t\t\t<\/div>\n\t\t\t\t<div class=\"elementor-element elementor-element-cb64ef5 elementor-widget__width-initial elementor-widget elementor-widget-image\" data-id=\"cb64ef5\" data-element_type=\"widget\" data-widget_type=\"image.default\">\n\t\t\t\t<div class=\"elementor-widget-container\">\n\t\t\t\t\t\t\t\t\t\t\t\t<figure class=\"wp-caption\">\n\t\t\t\t\t\t\t\t\t\t\t<a href=\"https:\/\/seckinmatbaa.com\/Seckin\/products.php?category=28\">\n\t\t\t\t\t\t\t<img loading=\"lazy\" decoding=\"async\" width=\"1024\" height=\"615\" src=\"https:\/\/seckinajans.com.tr\/wp-content\/uploads\/2022\/12\/PLASTI\u0307K-KALEM-1-1024x615.jpg\" class=\"attachment-large size-large wp-image-1121\" alt=\"\" \/>\t\t\t\t\t\t\t\t<\/a>\n\t\t\t\t\t\t\t\t\t\t\t<figcaption class=\"widget-image-caption wp-caption-text\">PLAST\u0130K KALEMLER<\/figcaption>\n\t\t\t\t\t\t\t\t\t\t<\/figure>\n\t\t\t\t\t\t\t\t\t<\/div>\n\t\t\t\t<\/div>\n\t\t\t\t<div class=\"elementor-element elementor-element-edfba3e elementor-widget elementor-widget-image\" data-id=\"edfba3e\" data-element_type=\"widget\" data-widget_type=\"image.default\">\n\t\t\t\t<div class=\"elementor-widget-container\">\n\t\t\t\t\t\t\t\t\t\t\t\t<figure class=\"wp-caption\">\n\t\t\t\t\t\t\t\t\t\t\t<a href=\"https:\/\/seckinmatbaa.com\/Seckin\/products.php?category=27\">\n\t\t\t\t\t\t\t<img loading=\"lazy\" decoding=\"async\" width=\"1024\" height=\"615\" src=\"https:\/\/seckinajans.com.tr\/wp-content\/uploads\/2022\/12\/METAL-KALEM-3-1024x615.jpg\" class=\"attachment-large size-large wp-image-1134\" alt=\"\" \/>\t\t\t\t\t\t\t\t<\/a>\n\t\t\t\t\t\t\t\t\t\t\t<figcaption class=\"widget-image-caption wp-caption-text\">METAL KALEMLER<\/figcaption>\n\t\t\t\t\t\t\t\t\t\t<\/figure>\n\t\t\t\t\t\t\t\t\t<\/div>\n\t\t\t\t<\/div>\n\t\t\t\t<div class=\"elementor-element elementor-element-a41cdf7 elementor-widget elementor-widget-image\" data-id=\"a41cdf7\" data-element_type=\"widget\" data-widget_type=\"image.default\">\n\t\t\t\t<div class=\"elementor-widget-container\">\n\t\t\t\t\t\t\t\t\t\t\t\t<figure class=\"wp-caption\">\n\t\t\t\t\t\t\t\t\t\t\t<a href=\"https:\/\/www.seckinmatbaa.com\/Seckin\/products.php?category=20\">\n\t\t\t\t\t\t\t<img loading=\"lazy\" decoding=\"async\" width=\"1024\" height=\"615\" src=\"https:\/\/seckinajans.com.tr\/wp-content\/uploads\/2022\/12\/PAROMOSYON-AJANDA-1-1024x615.jpg\" class=\"attachment-large size-large wp-image-1151\" alt=\"\" \/>\t\t\t\t\t\t\t\t<\/a>\n\t\t\t\t\t\t\t\t\t\t\t<figcaption class=\"widget-image-caption wp-caption-text\">TAR\u0130HL\u0130 AJANDALAR<\/figcaption>\n\t\t\t\t\t\t\t\t\t\t<\/figure>\n\t\t\t\t\t\t\t\t\t<\/div>\n\t\t\t\t<\/div>\n\t\t\t\t<div class=\"elementor-element elementor-element-3e12df8 elementor-widget elementor-widget-image\" data-id=\"3e12df8\" data-element_type=\"widget\" data-widget_type=\"image.default\">\n\t\t\t\t<div class=\"elementor-widget-container\">\n\t\t\t\t\t\t\t\t\t\t\t\t<figure class=\"wp-caption\">\n\t\t\t\t\t\t\t\t\t\t\t<a href=\"https:\/\/seckinmatbaa.com\/Seckin\/products.php?category=21\">\n\t\t\t\t\t\t\t<img loading=\"lazy\" decoding=\"async\" width=\"1024\" height=\"615\" src=\"https:\/\/seckinajans.com.tr\/wp-content\/uploads\/2022\/12\/PROMOSYON-DEFTER-1-1024x615.jpg\" class=\"attachment-large size-large wp-image-1140\" alt=\"\" \/>\t\t\t\t\t\t\t\t<\/a>\n\t\t\t\t\t\t\t\t\t\t\t<figcaption class=\"widget-image-caption wp-caption-text\">TAR\u0130HS\u0130Z DEFTERLER<\/figcaption>\n\t\t\t\t\t\t\t\t\t\t<\/figure>\n\t\t\t\t\t\t\t\t\t<\/div>\n\t\t\t\t<\/div>\n\t\t\t\t<div class=\"elementor-element elementor-element-fa364ec elementor-widget elementor-widget-image\" data-id=\"fa364ec\" data-element_type=\"widget\" data-widget_type=\"image.default\">\n\t\t\t\t<div class=\"elementor-widget-container\">\n\t\t\t\t\t\t\t\t\t\t\t\t<figure class=\"wp-caption\">\n\t\t\t\t\t\t\t\t\t\t\t<a href=\"https:\/\/seckinmatbaa.com\/Seckin\/products.php?category=49\">\n\t\t\t\t\t\t\t<img loading=\"lazy\" decoding=\"async\" width=\"1024\" height=\"621\" src=\"https:\/\/seckinajans.com.tr\/wp-content\/uploads\/2022\/12\/ANAHTARLIK-5-1024x621.jpeg\" class=\"attachment-large size-large wp-image-1159\" alt=\"\" \/>\t\t\t\t\t\t\t\t<\/a>\n\t\t\t\t\t\t\t\t\t\t\t<figcaption class=\"widget-image-caption wp-caption-text\">ANAHTARLIKLAR<\/figcaption>\n\t\t\t\t\t\t\t\t\t\t<\/figure>\n\t\t\t\t\t\t\t\t\t<\/div>\n\t\t\t\t<\/div>\n\t\t\t\t\t<\/div>\n\t\t<\/div>\n\t\t\t\t\t\t\t<\/div>\n\t\t<\/section>\n\t\t\t\t<section class=\"elementor-section elementor-top-section elementor-element elementor-element-90ec739 elementor-section-boxed elementor-section-height-default elementor-section-height-default\" data-id=\"90ec739\" data-element_type=\"section\">\n\t\t\t\t\t\t<div class=\"elementor-container elementor-column-gap-default\">\n\t\t\t\t\t<div class=\"elementor-column elementor-col-100 elementor-top-column elementor-element elementor-element-579450a\" data-id=\"579450a\" data-element_type=\"column\">\n\t\t\t<div class=\"elementor-widget-wrap elementor-element-populated\">\n\t\t\t\t\t\t\t\t<div class=\"elementor-element elementor-element-5c47d33 elementor-widget elementor-widget-image\" data-id=\"5c47d33\" data-element_type=\"widget\" data-widget_type=\"image.default\">\n\t\t\t\t<div class=\"elementor-widget-container\">\n\t\t\t\t\t\t\t\t\t\t\t\t<figure class=\"wp-caption\">\n\t\t\t\t\t\t\t\t\t\t<img loading=\"lazy\" decoding=\"async\" width=\"1024\" height=\"615\" src=\"https:\/\/seckinajans.com.tr\/wp-content\/uploads\/2022\/12\/PROMOSYON-HEDI\u0307YELI\u0307K-SET-5-1024x615.jpg\" class=\"attachment-large size-large wp-image-1196\" alt=\"\" \/>\t\t\t\t\t\t\t\t\t\t\t<figcaption class=\"widget-image-caption wp-caption-text\">HED\u0130YEL\u0130K SETLER<\/figcaption>\n\t\t\t\t\t\t\t\t\t\t<\/figure>\n\t\t\t\t\t\t\t\t\t<\/div>\n\t\t\t\t<\/div>\n\t\t\t\t<div class=\"elementor-element elementor-element-35ffbd3 elementor-widget elementor-widget-image\" data-id=\"35ffbd3\" data-element_type=\"widget\" data-widget_type=\"image.default\">\n\t\t\t\t<div class=\"elementor-widget-container\">\n\t\t\t\t\t\t\t\t\t\t\t\t<figure class=\"wp-caption\">\n\t\t\t\t\t\t\t\t\t\t\t<a href=\"https:\/\/seckinmatbaa.com\/Seckin\/products.php?category=42\">\n\t\t\t\t\t\t\t<img loading=\"lazy\" decoding=\"async\" width=\"1024\" height=\"615\" src=\"https:\/\/seckinajans.com.tr\/wp-content\/uploads\/2022\/12\/C\u0327AKMAK-3-1024x615.jpg\" class=\"attachment-large size-large wp-image-1170\" alt=\"\" \/>\t\t\t\t\t\t\t\t<\/a>\n\t\t\t\t\t\t\t\t\t\t\t<figcaption class=\"widget-image-caption wp-caption-text\">\u00c7AKMAKLAR<\/figcaption>\n\t\t\t\t\t\t\t\t\t\t<\/figure>\n\t\t\t\t\t\t\t\t\t<\/div>\n\t\t\t\t<\/div>\n\t\t\t\t<div class=\"elementor-element elementor-element-304f1f2 elementor-widget elementor-widget-image\" data-id=\"304f1f2\" data-element_type=\"widget\" data-widget_type=\"image.default\">\n\t\t\t\t<div class=\"elementor-widget-container\">\n\t\t\t\t\t\t\t\t\t\t\t\t<figure class=\"wp-caption\">\n\t\t\t\t\t\t\t\t\t\t\t<a href=\"https:\/\/seckinmatbaa.com\/Seckin\/products.php?category=16\">\n\t\t\t\t\t\t\t<img loading=\"lazy\" decoding=\"async\" width=\"2048\" height=\"1229\" src=\"https:\/\/seckinajans.com.tr\/wp-content\/uploads\/2022\/12\/PROMOSYON-WI\u0307P-SET-1-2048x1229.jpg\" class=\"attachment-2048x2048 size-2048x2048 wp-image-1184\" alt=\"\" \/>\t\t\t\t\t\t\t\t<\/a>\n\t\t\t\t\t\t\t\t\t\t\t<figcaption class=\"widget-image-caption wp-caption-text\">VIP SETLER<\/figcaption>\n\t\t\t\t\t\t\t\t\t\t<\/figure>\n\t\t\t\t\t\t\t\t\t<\/div>\n\t\t\t\t<\/div>\n\t\t\t\t\t<\/div>\n\t\t<\/div>\n\t\t\t\t\t\t\t<\/div>\n\t\t<\/section>\n\t\t\t\t<section class=\"elementor-section elementor-top-section elementor-element elementor-element-07ea9a6 elementor-section-boxed elementor-section-height-default elementor-section-height-default\" data-id=\"07ea9a6\" data-element_type=\"section\">\n\t\t\t\t\t\t<div class=\"elementor-container elementor-column-gap-default\">\n\t\t\t\t\t<div class=\"elementor-column elementor-col-100 elementor-top-column elementor-element elementor-element-b20be28\" data-id=\"b20be28\" data-element_type=\"column\">\n\t\t\t<div class=\"elementor-widget-wrap\">\n\t\t\t\t\t\t\t\t\t<\/div>\n\t\t<\/div>\n\t\t\t\t\t\t\t<\/div>\n\t\t<\/section>\n\t\t\t\t<section class=\"elementor-section elementor-top-section elementor-element elementor-element-48342b4 elementor-section-boxed elementor-section-height-default elementor-section-height-default\" data-id=\"48342b4\" data-element_type=\"section\">\n\t\t\t\t\t\t<div class=\"elementor-container elementor-column-gap-default\">\n\t\t\t\t\t<div class=\"elementor-column elementor-col-100 elementor-top-column elementor-element elementor-element-029a414\" data-id=\"029a414\" data-element_type=\"column\">\n\t\t\t<div class=\"elementor-widget-wrap elementor-element-populated\">\n\t\t\t\t\t\t\t\t<div class=\"elementor-element elementor-element-4925900 elementor-widget elementor-widget-image\" data-id=\"4925900\" data-element_type=\"widget\" data-widget_type=\"image.default\">\n\t\t\t\t<div class=\"elementor-widget-container\">\n\t\t\t\t\t\t\t\t\t\t\t\t<figure class=\"wp-caption\">\n\t\t\t\t\t\t\t\t\t\t\t<a href=\"https:\/\/seckinmatbaa.com\/Seckin\/products.php?category=64\">\n\t\t\t\t\t\t\t<img loading=\"lazy\" decoding=\"async\" width=\"1024\" height=\"615\" src=\"https:\/\/seckinajans.com.tr\/wp-content\/uploads\/2022\/12\/PROMOSYON-TEKSTI\u0307L-U\u0308RU\u0308NLERI\u0307-5-1024x615.jpg\" class=\"attachment-large size-large wp-image-1212\" alt=\"\" \/>\t\t\t\t\t\t\t\t<\/a>\n\t\t\t\t\t\t\t\t\t\t\t<figcaption class=\"widget-image-caption wp-caption-text\">TEKST\u0130L \u00dcR\u00dcNLER<\/figcaption>\n\t\t\t\t\t\t\t\t\t\t<\/figure>\n\t\t\t\t\t\t\t\t\t<\/div>\n\t\t\t\t<\/div>\n\t\t\t\t<div class=\"elementor-element elementor-element-6ce403b elementor-widget elementor-widget-image\" data-id=\"6ce403b\" data-element_type=\"widget\" data-widget_type=\"image.default\">\n\t\t\t\t<div class=\"elementor-widget-container\">\n\t\t\t\t\t\t\t\t\t\t\t\t<figure class=\"wp-caption\">\n\t\t\t\t\t\t\t\t\t\t<img loading=\"lazy\" decoding=\"async\" width=\"1024\" height=\"615\" src=\"https:\/\/seckinajans.com.tr\/wp-content\/uploads\/2022\/12\/PROMOSYON-SAATLER-4-1024x615.jpg\" class=\"attachment-large size-large wp-image-1203\" alt=\"\" \/>\t\t\t\t\t\t\t\t\t\t\t<figcaption class=\"widget-image-caption wp-caption-text\">SAATLER<\/figcaption>\n\t\t\t\t\t\t\t\t\t\t<\/figure>\n\t\t\t\t\t\t\t\t\t<\/div>\n\t\t\t\t<\/div>\n\t\t\t\t\t<\/div>\n\t\t<\/div>\n\t\t\t\t\t\t\t<\/div>\n\t\t<\/section>\n\t\t\t\t\t\t\t<\/div>\n\t\t","protected":false},"excerpt":{"rendered":"<p>GER\u0130 D\u00d6N\u00dc\u015e\u00dcML\u00dc \u00dcR\u00dcNLER PLAST\u0130K KALEMLER METAL KALEMLER TAR\u0130HL\u0130 AJANDALAR TAR\u0130HS\u0130Z DEFTERLER ANAHTARLIKLAR HED\u0130YEL\u0130K SETLER \u00c7AKMAKLAR VIP SETLER TEKST\u0130L \u00dcR\u00dcNLER SAATLER<\/p>\n","protected":false},"author":1,"featured_media":0,"parent":0,"menu_order":0,"comment_status":"closed","ping_status":"closed","template":"","meta":{"footnotes":""},"class_list":["post-776","page","type-page","status-publish","hentry"],"yoast_head":"<!-- This site is optimized with the Yoast SEO plugin v24.4 - https:\/\/yoast.com\/wordpress\/plugins\/seo\/ -->\n<title>Ankara Promosyon \u00dcr\u00fcnler\u23aeOST\u0130M Promosyon \u00dcr\u00fcnler<\/title>\n<meta name=\"description\" content=\"&quot;Ankara Promosyon \u00dcr\u00fcnler&quot; &quot;OST\u0130M Promosyon \u00dcr\u00fcnler&quot; &quot;Promosyon \u00dcr\u00fcnler&quot; &quot;Promosyon \u00dcr\u00fcn \u00c7e\u015fitleri&quot; &quot;Bask\u0131l\u0131 Promosyon \u00dcr\u00fcnler&quot;\" \/>\n<meta name=\"robots\" content=\"index, follow, max-snippet:-1, max-image-preview:large, max-video-preview:-1\" \/>\n<link rel=\"canonical\" href=\"https:\/\/seckinajans.com.tr\/index.php\/promosyon-urunleri\/\" \/>\n<meta property=\"og:locale\" content=\"tr_TR\" \/>\n<meta property=\"og:type\" content=\"article\" \/>\n<meta property=\"og:title\" content=\"Ankara Promosyon \u00dcr\u00fcnler\u23aeOST\u0130M Promosyon \u00dcr\u00fcnler\" \/>\n<meta property=\"og:description\" content=\"&quot;Ankara Promosyon \u00dcr\u00fcnler&quot; &quot;OST\u0130M Promosyon \u00dcr\u00fcnler&quot; &quot;Promosyon \u00dcr\u00fcnler&quot; &quot;Promosyon \u00dcr\u00fcn \u00c7e\u015fitleri&quot; &quot;Bask\u0131l\u0131 Promosyon \u00dcr\u00fcnler&quot;\" \/>\n<meta property=\"og:url\" content=\"https:\/\/seckinajans.com.tr\/index.php\/promosyon-urunleri\/\" \/>\n<meta property=\"og:site_name\" content=\"Se\u00e7kin Ajans, Ankara Matbaa ,OST\u0130M Matbaa\" \/>\n<meta property=\"article:modified_time\" content=\"2025-07-01T14:02:48+00:00\" \/>\n<meta property=\"og:image\" content=\"https:\/\/seckinajans.com.tr\/wp-content\/uploads\/2022\/12\/METAL-KALEM-3-1024x615.jpg\" \/>\n<meta name=\"twitter:card\" content=\"summary_large_image\" \/>\n<meta name=\"twitter:label1\" content=\"Tahmini okuma s\u00fcresi\" \/>\n\t<meta name=\"twitter:data1\" content=\"3 dakika\" \/>\n<script type=\"application\/ld+json\" class=\"yoast-schema-graph\">{\"@context\":\"https:\/\/schema.org\",\"@graph\":[{\"@type\":\"WebPage\",\"@id\":\"https:\/\/seckinajans.com.tr\/index.php\/promosyon-urunleri\/\",\"url\":\"https:\/\/seckinajans.com.tr\/index.php\/promosyon-urunleri\/\",\"name\":\"Ankara Promosyon \u00dcr\u00fcnler\u23aeOST\u0130M Promosyon \u00dcr\u00fcnler\",\"isPartOf\":{\"@id\":\"https:\/\/seckinajans.com.tr\/#website\"},\"primaryImageOfPage\":{\"@id\":\"https:\/\/seckinajans.com.tr\/index.php\/promosyon-urunleri\/#primaryimage\"},\"image\":{\"@id\":\"https:\/\/seckinajans.com.tr\/index.php\/promosyon-urunleri\/#primaryimage\"},\"thumbnailUrl\":\"https:\/\/seckinajans.com.tr\/wp-content\/uploads\/2022\/12\/METAL-KALEM-3-1024x615.jpg\",\"datePublished\":\"2022-12-28T07:50:50+00:00\",\"dateModified\":\"2025-07-01T14:02:48+00:00\",\"description\":\"\\\"Ankara Promosyon \u00dcr\u00fcnler\\\" \\\"OST\u0130M Promosyon \u00dcr\u00fcnler\\\" \\\"Promosyon \u00dcr\u00fcnler\\\" \\\"Promosyon \u00dcr\u00fcn \u00c7e\u015fitleri\\\" \\\"Bask\u0131l\u0131 Promosyon \u00dcr\u00fcnler\\\"\",\"breadcrumb\":{\"@id\":\"https:\/\/seckinajans.com.tr\/index.php\/promosyon-urunleri\/#breadcrumb\"},\"inLanguage\":\"tr\",\"potentialAction\":[{\"@type\":\"ReadAction\",\"target\":[\"https:\/\/seckinajans.com.tr\/index.php\/promosyon-urunleri\/\"]}]},{\"@type\":\"ImageObject\",\"inLanguage\":\"tr\",\"@id\":\"https:\/\/seckinajans.com.tr\/index.php\/promosyon-urunleri\/#primaryimage\",\"url\":\"https:\/\/seckinajans.com.tr\/wp-content\/uploads\/2022\/12\/METAL-KALEM-3.jpg\",\"contentUrl\":\"https:\/\/seckinajans.com.tr\/wp-content\/uploads\/2022\/12\/METAL-KALEM-3.jpg\",\"width\":2084,\"height\":1251,\"caption\":\"PROMOSYON METAL KALEMLER\"},{\"@type\":\"BreadcrumbList\",\"@id\":\"https:\/\/seckinajans.com.tr\/index.php\/promosyon-urunleri\/#breadcrumb\",\"itemListElement\":[{\"@type\":\"ListItem\",\"position\":1,\"name\":\"Anasayfa\",\"item\":\"https:\/\/seckinajans.com.tr\/\"},{\"@type\":\"ListItem\",\"position\":2,\"name\":\"PROMOSYON \u00dcR\u00dcNLER\u0130\"}]},{\"@type\":\"WebSite\",\"@id\":\"https:\/\/seckinajans.com.tr\/#website\",\"url\":\"https:\/\/seckinajans.com.tr\/\",\"name\":\"seckinajans Ajans, Ankara Matbaa ,OST\u0130M Matbaa\",\"description\":\"Ankara Matbaa, OST\u0130M Matbaa, Ankara Promosyon \u00dcr\u00fcnler, OST\u0130M Promosyon \u00dcr\u00fcnler\",\"potentialAction\":[{\"@type\":\"SearchAction\",\"target\":{\"@type\":\"EntryPoint\",\"urlTemplate\":\"https:\/\/seckinajans.com.tr\/?s={search_term_string}\"},\"query-input\":{\"@type\":\"PropertyValueSpecification\",\"valueRequired\":true,\"valueName\":\"search_term_string\"}}],\"inLanguage\":\"tr\"}]}<\/script>\n<!-- \/ Yoast SEO plugin. -->","yoast_head_json":{"title":"Ankara Promosyon \u00dcr\u00fcnler\u23aeOST\u0130M Promosyon \u00dcr\u00fcnler","description":"\"Ankara Promosyon \u00dcr\u00fcnler\" \"OST\u0130M Promosyon \u00dcr\u00fcnler\" \"Promosyon \u00dcr\u00fcnler\" \"Promosyon \u00dcr\u00fcn \u00c7e\u015fitleri\" \"Bask\u0131l\u0131 Promosyon \u00dcr\u00fcnler\"","robots":{"index":"index","follow":"follow","max-snippet":"max-snippet:-1","max-image-preview":"max-image-preview:large","max-video-preview":"max-video-preview:-1"},"canonical":"https:\/\/seckinajans.com.tr\/index.php\/promosyon-urunleri\/","og_locale":"tr_TR","og_type":"article","og_title":"Ankara Promosyon \u00dcr\u00fcnler\u23aeOST\u0130M Promosyon \u00dcr\u00fcnler","og_description":"\"Ankara Promosyon \u00dcr\u00fcnler\" \"OST\u0130M Promosyon \u00dcr\u00fcnler\" \"Promosyon \u00dcr\u00fcnler\" \"Promosyon \u00dcr\u00fcn \u00c7e\u015fitleri\" \"Bask\u0131l\u0131 Promosyon \u00dcr\u00fcnler\"","og_url":"https:\/\/seckinajans.com.tr\/index.php\/promosyon-urunleri\/","og_site_name":"Se\u00e7kin Ajans, Ankara Matbaa ,OST\u0130M Matbaa","article_modified_time":"2025-07-01T14:02:48+00:00","og_image":[{"url":"https:\/\/seckinajans.com.tr\/wp-content\/uploads\/2022\/12\/METAL-KALEM-3-1024x615.jpg","type":"","width":"","height":""}],"twitter_card":"summary_large_image","twitter_misc":{"Tahmini okuma s\u00fcresi":"3 dakika"},"schema":{"@context":"https:\/\/schema.org","@graph":[{"@type":"WebPage","@id":"https:\/\/seckinajans.com.tr\/index.php\/promosyon-urunleri\/","url":"https:\/\/seckinajans.com.tr\/index.php\/promosyon-urunleri\/","name":"Ankara Promosyon \u00dcr\u00fcnler\u23aeOST\u0130M Promosyon \u00dcr\u00fcnler","isPartOf":{"@id":"https:\/\/seckinajans.com.tr\/#website"},"primaryImageOfPage":{"@id":"https:\/\/seckinajans.com.tr\/index.php\/promosyon-urunleri\/#primaryimage"},"image":{"@id":"https:\/\/seckinajans.com.tr\/index.php\/promosyon-urunleri\/#primaryimage"},"thumbnailUrl":"https:\/\/seckinajans.com.tr\/wp-content\/uploads\/2022\/12\/METAL-KALEM-3-1024x615.jpg","datePublished":"2022-12-28T07:50:50+00:00","dateModified":"2025-07-01T14:02:48+00:00","description":"\"Ankara Promosyon \u00dcr\u00fcnler\" \"OST\u0130M Promosyon \u00dcr\u00fcnler\" \"Promosyon \u00dcr\u00fcnler\" \"Promosyon \u00dcr\u00fcn \u00c7e\u015fitleri\" \"Bask\u0131l\u0131 Promosyon \u00dcr\u00fcnler\"","breadcrumb":{"@id":"https:\/\/seckinajans.com.tr\/index.php\/promosyon-urunleri\/#breadcrumb"},"inLanguage":"tr","potentialAction":[{"@type":"ReadAction","target":["https:\/\/seckinajans.com.tr\/index.php\/promosyon-urunleri\/"]}]},{"@type":"ImageObject","inLanguage":"tr","@id":"https:\/\/seckinajans.com.tr\/index.php\/promosyon-urunleri\/#primaryimage","url":"https:\/\/seckinajans.com.tr\/wp-content\/uploads\/2022\/12\/METAL-KALEM-3.jpg","contentUrl":"https:\/\/seckinajans.com.tr\/wp-content\/uploads\/2022\/12\/METAL-KALEM-3.jpg","width":2084,"height":1251,"caption":"PROMOSYON METAL KALEMLER"},{"@type":"BreadcrumbList","@id":"https:\/\/seckinajans.com.tr\/index.php\/promosyon-urunleri\/#breadcrumb","itemListElement":[{"@type":"ListItem","position":1,"name":"Anasayfa","item":"https:\/\/seckinajans.com.tr\/"},{"@type":"ListItem","position":2,"name":"PROMOSYON \u00dcR\u00dcNLER\u0130"}]},{"@type":"WebSite","@id":"https:\/\/seckinajans.com.tr\/#website","url":"https:\/\/seckinajans.com.tr\/","name":"seckinajans Ajans, Ankara Matbaa ,OST\u0130M Matbaa","description":"Ankara Matbaa, OST\u0130M Matbaa, Ankara Promosyon \u00dcr\u00fcnler, OST\u0130M Promosyon \u00dcr\u00fcnler","potentialAction":[{"@type":"SearchAction","target":{"@type":"EntryPoint","urlTemplate":"https:\/\/seckinajans.com.tr\/?s={search_term_string}"},"query-input":{"@type":"PropertyValueSpecification","valueRequired":true,"valueName":"search_term_string"}}],"inLanguage":"tr"}]}},"_links":{"self":[{"href":"https:\/\/seckinajans.com.tr\/index.php\/wp-json\/wp\/v2\/pages\/776","targetHints":{"allow":["GET"]}}],"collection":[{"href":"https:\/\/seckinajans.com.tr\/index.php\/wp-json\/wp\/v2\/pages"}],"about":[{"href":"https:\/\/seckinajans.com.tr\/index.php\/wp-json\/wp\/v2\/types\/page"}],"author":[{"embeddable":true,"href":"https:\/\/seckinajans.com.tr\/index.php\/wp-json\/wp\/v2\/users\/1"}],"replies":[{"embeddable":true,"href":"https:\/\/seckinajans.com.tr\/index.php\/wp-json\/wp\/v2\/comments?post=776"}],"version-history":[{"count":71,"href":"https:\/\/seckinajans.com.tr\/index.php\/wp-json\/wp\/v2\/pages\/776\/revisions"}],"predecessor-version":[{"id":2561,"href":"https:\/\/seckinajans.com.tr\/index.php\/wp-json\/wp\/v2\/pages\/776\/revisions\/2561"}],"wp:attachment":[{"href":"https:\/\/seckinajans.com.tr\/index.php\/wp-json\/wp\/v2\/media?parent=776"}],"curies":[{"name":"wp","href":"https:\/\/api.w.org\/{rel}","templated":true}]}}