{"id":774,"date":"2022-12-28T07:50:50","date_gmt":"2022-12-28T07:50:50","guid":{"rendered":"https:\/\/seckinajans.com.tr\/?page_id=774"},"modified":"2022-12-28T07:50:50","modified_gmt":"2022-12-28T07:50:50","slug":"neler-yapiyoruz","status":"publish","type":"page","link":"https:\/\/seckinajans.com.tr\/index.php\/neler-yapiyoruz\/","title":{"rendered":"NELER YAPIYORUZ ?"},"content":{"rendered":"","protected":false},"excerpt":{"rendered":"","protected":false},"author":1,"featured_media":0,"parent":0,"menu_order":0,"comment_status":"closed","ping_status":"closed","template":"","meta":{"footnotes":""},"class_list":["post-774","page","type-page","status-publish","hentry"],"yoast_head":"<!-- This site is optimized with the Yoast SEO plugin v24.4 - https:\/\/yoast.com\/wordpress\/plugins\/seo\/ -->\n<title>NELER YAPIYORUZ ? - Se\u00e7kin Ajans, Ankara Matbaa ,OST\u0130M Matbaa<\/title>\n<meta name=\"robots\" content=\"index, follow, max-snippet:-1, max-image-preview:large, max-video-preview:-1\" \/>\n<link rel=\"canonical\" href=\"https:\/\/seckinajans.com.tr\/index.php\/neler-yapiyoruz\/\" \/>\n<meta property=\"og:locale\" content=\"tr_TR\" \/>\n<meta property=\"og:type\" content=\"article\" \/>\n<meta property=\"og:title\" content=\"NELER YAPIYORUZ ? - Se\u00e7kin Ajans, Ankara Matbaa ,OST\u0130M Matbaa\" \/>\n<meta property=\"og:url\" content=\"https:\/\/seckinajans.com.tr\/index.php\/neler-yapiyoruz\/\" \/>\n<meta property=\"og:site_name\" content=\"Se\u00e7kin Ajans, Ankara Matbaa ,OST\u0130M Matbaa\" \/>\n<meta name=\"twitter:card\" content=\"summary_large_image\" \/>\n<script type=\"application\/ld+json\" class=\"yoast-schema-graph\">{\"@context\":\"https:\/\/schema.org\",\"@graph\":[{\"@type\":\"WebPage\",\"@id\":\"https:\/\/seckinajans.com.tr\/index.php\/neler-yapiyoruz\/\",\"url\":\"https:\/\/seckinajans.com.tr\/index.php\/neler-yapiyoruz\/\",\"name\":\"NELER YAPIYORUZ ? - Se\u00e7kin Ajans, Ankara Matbaa ,OST\u0130M Matbaa\",\"isPartOf\":{\"@id\":\"https:\/\/seckinajans.com.tr\/#website\"},\"datePublished\":\"2022-12-28T07:50:50+00:00\",\"breadcrumb\":{\"@id\":\"https:\/\/seckinajans.com.tr\/index.php\/neler-yapiyoruz\/#breadcrumb\"},\"inLanguage\":\"tr\",\"potentialAction\":[{\"@type\":\"ReadAction\",\"target\":[\"https:\/\/seckinajans.com.tr\/index.php\/neler-yapiyoruz\/\"]}]},{\"@type\":\"BreadcrumbList\",\"@id\":\"https:\/\/seckinajans.com.tr\/index.php\/neler-yapiyoruz\/#breadcrumb\",\"itemListElement\":[{\"@type\":\"ListItem\",\"position\":1,\"name\":\"Anasayfa\",\"item\":\"https:\/\/seckinajans.com.tr\/\"},{\"@type\":\"ListItem\",\"position\":2,\"name\":\"NELER YAPIYORUZ ?\"}]},{\"@type\":\"WebSite\",\"@id\":\"https:\/\/seckinajans.com.tr\/#website\",\"url\":\"https:\/\/seckinajans.com.tr\/\",\"name\":\"seckinajans Ajans, Ankara Matbaa ,OST\u0130M Matbaa\",\"description\":\"Ankara Matbaa, OST\u0130M Matbaa, Ankara Promosyon \u00dcr\u00fcnler, OST\u0130M Promosyon \u00dcr\u00fcnler\",\"potentialAction\":[{\"@type\":\"SearchAction\",\"target\":{\"@type\":\"EntryPoint\",\"urlTemplate\":\"https:\/\/seckinajans.com.tr\/?s={search_term_string}\"},\"query-input\":{\"@type\":\"PropertyValueSpecification\",\"valueRequired\":true,\"valueName\":\"search_term_string\"}}],\"inLanguage\":\"tr\"}]}<\/script>\n<!-- \/ Yoast SEO plugin. -->","yoast_head_json":{"title":"NELER YAPIYORUZ ? - Se\u00e7kin Ajans, Ankara Matbaa ,OST\u0130M Matbaa","robots":{"index":"index","follow":"follow","max-snippet":"max-snippet:-1","max-image-preview":"max-image-preview:large","max-video-preview":"max-video-preview:-1"},"canonical":"https:\/\/seckinajans.com.tr\/index.php\/neler-yapiyoruz\/","og_locale":"tr_TR","og_type":"article","og_title":"NELER YAPIYORUZ ? - Se\u00e7kin Ajans, Ankara Matbaa ,OST\u0130M Matbaa","og_url":"https:\/\/seckinajans.com.tr\/index.php\/neler-yapiyoruz\/","og_site_name":"Se\u00e7kin Ajans, Ankara Matbaa ,OST\u0130M Matbaa","twitter_card":"summary_large_image","schema":{"@context":"https:\/\/schema.org","@graph":[{"@type":"WebPage","@id":"https:\/\/seckinajans.com.tr\/index.php\/neler-yapiyoruz\/","url":"https:\/\/seckinajans.com.tr\/index.php\/neler-yapiyoruz\/","name":"NELER YAPIYORUZ ? - Se\u00e7kin Ajans, Ankara Matbaa ,OST\u0130M Matbaa","isPartOf":{"@id":"https:\/\/seckinajans.com.tr\/#website"},"datePublished":"2022-12-28T07:50:50+00:00","breadcrumb":{"@id":"https:\/\/seckinajans.com.tr\/index.php\/neler-yapiyoruz\/#breadcrumb"},"inLanguage":"tr","potentialAction":[{"@type":"ReadAction","target":["https:\/\/seckinajans.com.tr\/index.php\/neler-yapiyoruz\/"]}]},{"@type":"BreadcrumbList","@id":"https:\/\/seckinajans.com.tr\/index.php\/neler-yapiyoruz\/#breadcrumb","itemListElement":[{"@type":"ListItem","position":1,"name":"Anasayfa","item":"https:\/\/seckinajans.com.tr\/"},{"@type":"ListItem","position":2,"name":"NELER YAPIYORUZ ?"}]},{"@type":"WebSite","@id":"https:\/\/seckinajans.com.tr\/#website","url":"https:\/\/seckinajans.com.tr\/","name":"seckinajans Ajans, Ankara Matbaa ,OST\u0130M Matbaa","description":"Ankara Matbaa, OST\u0130M Matbaa, Ankara Promosyon \u00dcr\u00fcnler, OST\u0130M Promosyon \u00dcr\u00fcnler","potentialAction":[{"@type":"SearchAction","target":{"@type":"EntryPoint","urlTemplate":"https:\/\/seckinajans.com.tr\/?s={search_term_string}"},"query-input":{"@type":"PropertyValueSpecification","valueRequired":true,"valueName":"search_term_string"}}],"inLanguage":"tr"}]}},"_links":{"self":[{"href":"https:\/\/seckinajans.com.tr\/index.php\/wp-json\/wp\/v2\/pages\/774","targetHints":{"allow":["GET"]}}],"collection":[{"href":"https:\/\/seckinajans.com.tr\/index.php\/wp-json\/wp\/v2\/pages"}],"about":[{"href":"https:\/\/seckinajans.com.tr\/index.php\/wp-json\/wp\/v2\/types\/page"}],"author":[{"embeddable":true,"href":"https:\/\/seckinajans.com.tr\/index.php\/wp-json\/wp\/v2\/users\/1"}],"replies":[{"embeddable":true,"href":"https:\/\/seckinajans.com.tr\/index.php\/wp-json\/wp\/v2\/comments?post=774"}],"version-history":[{"count":1,"href":"https:\/\/seckinajans.com.tr\/index.php\/wp-json\/wp\/v2\/pages\/774\/revisions"}],"predecessor-version":[{"id":783,"href":"https:\/\/seckinajans.com.tr\/index.php\/wp-json\/wp\/v2\/pages\/774\/revisions\/783"}],"wp:attachment":[{"href":"https:\/\/seckinajans.com.tr\/index.php\/wp-json\/wp\/v2\/media?parent=774"}],"curies":[{"name":"wp","href":"https:\/\/api.w.org\/{rel}","templated":true}]}}