{"id":2484,"date":"2025-01-22T12:19:27","date_gmt":"2025-01-22T12:19:27","guid":{"rendered":"https:\/\/seckinajans.com.tr\/index.php\/events-list-style-with-search-box\/"},"modified":"2025-01-22T12:19:27","modified_gmt":"2025-01-22T12:19:27","slug":"events-list-style-with-search-box","status":"publish","type":"page","link":"https:\/\/seckinajans.com.tr\/index.php\/events-list-style-with-search-box\/","title":{"rendered":"Events \u2013 List Style with Search Box"},"content":{"rendered":"    <div class='list_with_filter_section mep_event_list'>\n                    <div class=\"mpStyle\">\n                <div class=\"search_sort_code_area\">\n                    <div class=\"search_sort_code\">\n                        <div class=\"sort_code_search_box defaultLayout_xs\">\n                            <div class=\"flexEqual filter_input_area\">\n                                                                    <label>\n                                        <select class=\"formControl\" name=\"filter_with_category\">\n                                            <option selected value=\"\">Select Category<\/option>\n                                                                                            <option value=\"Business Event\">Business Event<\/option>\n                                                                                            <option value=\"Cooking Class\">Cooking Class<\/option>\n                                                                                            <option value=\"Home Event\">Home Event<\/option>\n                                                                                            <option value=\"Indoor Games\">Indoor Games<\/option>\n                                                                                    <\/select>\n                                    <\/label>\n                                                                                                    <label>\n                                        <select class=\"formControl\" name=\"filter_with_organizer\">\n                                            <option selected value=\"\">Select Organizer<\/option>\n                                                                                            <option value=\"Best Buy Ltd\">Best Buy Ltd<\/option>\n                                                                                            <option value=\"Cooking Studio\">Cooking Studio<\/option>\n                                                                                            <option value=\"Doogle Inc\">Doogle Inc<\/option>\n                                                                                            <option value=\"Duperstar LLC\">Duperstar LLC<\/option>\n                                                                                    <\/select>\n                                    <\/label>\n                                                                                                    <label>\n                                        <select class=\"formControl\" name=\"filter_with_city\">\n                                            <option selected value=\"\">Select City<\/option>\n                                                                                            <option value=\"Kolkata\">Kolkata<\/option>\n                                                                                            <option value=\"New York\">New York<\/option>\n                                                                                            <option value=\"Sheffield\">Sheffield<\/option>\n                                                                                            <option value=\"Washington DC\">Washington DC<\/option>\n                                                                                    <\/select>\n                                    <\/label>\n                                                                                                    <label>\n                                        <input type=\"text\" class=\"formControl filter_datepicker search_with_start_date\" placeholder=\"Start date\"\/>\n                                        <span class=\"fas fa-calendar-alt filter_date_icon\"><\/span>\n                                    <\/label>\n                                    <label>\n                                        <input type=\"text\" class=\"formControl filter_datepicker search_with_end_date\" placeholder=\"End date\"\/>\n                                        <span class=\"fas fa-calendar-alt filter_date_icon\"><\/span>\n                                    <\/label>\n                                                            <\/div>\n                                                            <div class=\"filter_input_area\">\n                                    <label>\n                                        <input type=\"text\" name=\"title_filter\" placeholder=\"Type Name here ....\" class=\"formControl\"\/>\n                                    <\/label>\n                                <\/div>\n                                                    <\/div>\n                        <div class=\"search_result_empty\">No Match Result Found!<\/div>\n                    <\/div>\n                <\/div>\n                <p class=\"textGray textCenter\">\n                    Showing                    <strong class=\"qty_count\">-1<\/strong>\n                    of                    <strong class=\"total_filter_qty\">0<\/strong>\n                <\/p>\n            <\/div>\n            \n        <div class=\"all_filter_item mep_event_list_sec\" id='mep_event_list_abr69f8610d061c6'>\n            <div class=\"mage_grid_box\">        <\/div>\n    <\/div>\n                <input type=\"hidden\" name=\"pagination_per_page\" value=\"0\"\/>\n            <input type=\"hidden\" name=\"pagination_style\" value=\"load_more\"\/>\n                <\/div>\n    <script>\n    jQuery(document).ready(function() {\n            var containerEl = document.querySelector('#mep_event_list_abr69f8610d061c6');\n            var mixer = mixitup(containerEl, {\n            selectors: {\n                target: '.mep-event-list-loop',\n                control: '[data-mixitup-control]'\n            }\n            });\n                                });\n    <\/script>\n\n","protected":false},"excerpt":{"rendered":"Select Category Business Event Cooking Class Home Event Indoor Games Select Organizer Best Buy Ltd Cooking Studio Doogle Inc Duperstar LLC Select City Kolkata New York Sheffield Washington DC No Match Result Found! Showing -1 of 0","protected":false},"author":1,"featured_media":0,"parent":0,"menu_order":0,"comment_status":"closed","ping_status":"closed","template":"","meta":{"footnotes":""},"class_list":["post-2484","page","type-page","status-publish","hentry"],"yoast_head":"<!-- This site is optimized with the Yoast SEO plugin v24.4 - https:\/\/yoast.com\/wordpress\/plugins\/seo\/ -->\n<title>Events \u2013 List Style with Search Box - Se\u00e7kin Ajans, Ankara Matbaa ,OST\u0130M Matbaa<\/title>\n<meta name=\"robots\" content=\"index, follow, max-snippet:-1, max-image-preview:large, max-video-preview:-1\" \/>\n<link rel=\"canonical\" href=\"https:\/\/seckinajans.com.tr\/index.php\/events-list-style-with-search-box\/\" \/>\n<meta property=\"og:locale\" content=\"tr_TR\" \/>\n<meta property=\"og:type\" content=\"article\" \/>\n<meta property=\"og:title\" content=\"Events \u2013 List Style with Search Box - Se\u00e7kin Ajans, Ankara Matbaa ,OST\u0130M Matbaa\" \/>\n<meta property=\"og:url\" content=\"https:\/\/seckinajans.com.tr\/index.php\/events-list-style-with-search-box\/\" \/>\n<meta property=\"og:site_name\" content=\"Se\u00e7kin Ajans, Ankara Matbaa ,OST\u0130M Matbaa\" \/>\n<meta name=\"twitter:card\" content=\"summary_large_image\" \/>\n<script type=\"application\/ld+json\" class=\"yoast-schema-graph\">{\"@context\":\"https:\/\/schema.org\",\"@graph\":[{\"@type\":\"WebPage\",\"@id\":\"https:\/\/seckinajans.com.tr\/index.php\/events-list-style-with-search-box\/\",\"url\":\"https:\/\/seckinajans.com.tr\/index.php\/events-list-style-with-search-box\/\",\"name\":\"Events \u2013 List Style with Search Box - Se\u00e7kin Ajans, Ankara Matbaa ,OST\u0130M Matbaa\",\"isPartOf\":{\"@id\":\"https:\/\/seckinajans.com.tr\/#website\"},\"datePublished\":\"2025-01-22T12:19:27+00:00\",\"breadcrumb\":{\"@id\":\"https:\/\/seckinajans.com.tr\/index.php\/events-list-style-with-search-box\/#breadcrumb\"},\"inLanguage\":\"tr\",\"potentialAction\":[{\"@type\":\"ReadAction\",\"target\":[\"https:\/\/seckinajans.com.tr\/index.php\/events-list-style-with-search-box\/\"]}]},{\"@type\":\"BreadcrumbList\",\"@id\":\"https:\/\/seckinajans.com.tr\/index.php\/events-list-style-with-search-box\/#breadcrumb\",\"itemListElement\":[{\"@type\":\"ListItem\",\"position\":1,\"name\":\"Anasayfa\",\"item\":\"https:\/\/seckinajans.com.tr\/\"},{\"@type\":\"ListItem\",\"position\":2,\"name\":\"Events \u2013 List Style with Search Box\"}]},{\"@type\":\"WebSite\",\"@id\":\"https:\/\/seckinajans.com.tr\/#website\",\"url\":\"https:\/\/seckinajans.com.tr\/\",\"name\":\"seckinajans Ajans, Ankara Matbaa ,OST\u0130M Matbaa\",\"description\":\"Ankara Matbaa, OST\u0130M Matbaa, Ankara Promosyon \u00dcr\u00fcnler, OST\u0130M Promosyon \u00dcr\u00fcnler\",\"potentialAction\":[{\"@type\":\"SearchAction\",\"target\":{\"@type\":\"EntryPoint\",\"urlTemplate\":\"https:\/\/seckinajans.com.tr\/?s={search_term_string}\"},\"query-input\":{\"@type\":\"PropertyValueSpecification\",\"valueRequired\":true,\"valueName\":\"search_term_string\"}}],\"inLanguage\":\"tr\"}]}<\/script>\n<!-- \/ Yoast SEO plugin. -->","yoast_head_json":{"title":"Events \u2013 List Style with Search Box - Se\u00e7kin Ajans, Ankara Matbaa ,OST\u0130M Matbaa","robots":{"index":"index","follow":"follow","max-snippet":"max-snippet:-1","max-image-preview":"max-image-preview:large","max-video-preview":"max-video-preview:-1"},"canonical":"https:\/\/seckinajans.com.tr\/index.php\/events-list-style-with-search-box\/","og_locale":"tr_TR","og_type":"article","og_title":"Events \u2013 List Style with Search Box - Se\u00e7kin Ajans, Ankara Matbaa ,OST\u0130M Matbaa","og_url":"https:\/\/seckinajans.com.tr\/index.php\/events-list-style-with-search-box\/","og_site_name":"Se\u00e7kin Ajans, Ankara Matbaa ,OST\u0130M Matbaa","twitter_card":"summary_large_image","schema":{"@context":"https:\/\/schema.org","@graph":[{"@type":"WebPage","@id":"https:\/\/seckinajans.com.tr\/index.php\/events-list-style-with-search-box\/","url":"https:\/\/seckinajans.com.tr\/index.php\/events-list-style-with-search-box\/","name":"Events \u2013 List Style with Search Box - Se\u00e7kin Ajans, Ankara Matbaa ,OST\u0130M Matbaa","isPartOf":{"@id":"https:\/\/seckinajans.com.tr\/#website"},"datePublished":"2025-01-22T12:19:27+00:00","breadcrumb":{"@id":"https:\/\/seckinajans.com.tr\/index.php\/events-list-style-with-search-box\/#breadcrumb"},"inLanguage":"tr","potentialAction":[{"@type":"ReadAction","target":["https:\/\/seckinajans.com.tr\/index.php\/events-list-style-with-search-box\/"]}]},{"@type":"BreadcrumbList","@id":"https:\/\/seckinajans.com.tr\/index.php\/events-list-style-with-search-box\/#breadcrumb","itemListElement":[{"@type":"ListItem","position":1,"name":"Anasayfa","item":"https:\/\/seckinajans.com.tr\/"},{"@type":"ListItem","position":2,"name":"Events \u2013 List Style with Search Box"}]},{"@type":"WebSite","@id":"https:\/\/seckinajans.com.tr\/#website","url":"https:\/\/seckinajans.com.tr\/","name":"seckinajans Ajans, Ankara Matbaa ,OST\u0130M Matbaa","description":"Ankara Matbaa, OST\u0130M Matbaa, Ankara Promosyon \u00dcr\u00fcnler, OST\u0130M Promosyon \u00dcr\u00fcnler","potentialAction":[{"@type":"SearchAction","target":{"@type":"EntryPoint","urlTemplate":"https:\/\/seckinajans.com.tr\/?s={search_term_string}"},"query-input":{"@type":"PropertyValueSpecification","valueRequired":true,"valueName":"search_term_string"}}],"inLanguage":"tr"}]}},"_links":{"self":[{"href":"https:\/\/seckinajans.com.tr\/index.php\/wp-json\/wp\/v2\/pages\/2484","targetHints":{"allow":["GET"]}}],"collection":[{"href":"https:\/\/seckinajans.com.tr\/index.php\/wp-json\/wp\/v2\/pages"}],"about":[{"href":"https:\/\/seckinajans.com.tr\/index.php\/wp-json\/wp\/v2\/types\/page"}],"author":[{"embeddable":true,"href":"https:\/\/seckinajans.com.tr\/index.php\/wp-json\/wp\/v2\/users\/1"}],"replies":[{"embeddable":true,"href":"https:\/\/seckinajans.com.tr\/index.php\/wp-json\/wp\/v2\/comments?post=2484"}],"version-history":[{"count":0,"href":"https:\/\/seckinajans.com.tr\/index.php\/wp-json\/wp\/v2\/pages\/2484\/revisions"}],"wp:attachment":[{"href":"https:\/\/seckinajans.com.tr\/index.php\/wp-json\/wp\/v2\/media?parent=2484"}],"curies":[{"name":"wp","href":"https:\/\/api.w.org\/{rel}","templated":true}]}}